{"id":160,"date":"2023-05-04T13:16:34","date_gmt":"2023-05-04T11:16:34","guid":{"rendered":"https:\/\/unidigitalsimustat.umh.es\/?page_id=160"},"modified":"2023-11-02T09:39:55","modified_gmt":"2023-11-02T08:39:55","slug":"programacion-avanzada","status":"publish","type":"page","link":"https:\/\/unidigitalsimustat.umh.es\/ca\/programacion-avanzada\/","title":{"rendered":"<span lang=\"es\">(Espa\u00f1ol) Programaci\u00f3n avanzada<\/span>"},"content":{"rendered":"<p>[et_pb_section fb_built=&#8221;1&#8243; _builder_version=&#8221;4.17.4&#8243; _module_preset=&#8221;default&#8221; global_colors_info=&#8221;{}&#8221;][et_pb_row column_structure=&#8221;1_5,3_5,1_5&#8243; _builder_version=&#8221;4.17.4&#8243; _module_preset=&#8221;default&#8221; global_colors_info=&#8221;{}&#8221;][et_pb_column type=&#8221;1_5&#8243; _builder_version=&#8221;4.17.4&#8243; _module_preset=&#8221;default&#8221; global_colors_info=&#8221;{}&#8221;][et_pb_button button_url=&#8221;https:\/\/unidigitalsimustat.umh.es\/programacion-basica\/&#8221; button_text=&#8221;Unidad 1.2 Programaci\u00f3n b\u00e1sica&#8221; button_alignment=&#8221;center&#8221; _builder_version=&#8221;4.17.4&#8243; _module_preset=&#8221;default&#8221; custom_button=&#8221;on&#8221; button_text_size=&#8221;14px&#8221; button_text_color=&#8221;#bf4c00&#8243; button_bg_color=&#8221;#FFFFFF&#8221; button_border_color=&#8221;#bf5800&#8243; button_font=&#8221;Roboto||||||||&#8221; button_icon=&#8221;&#x48;||divi||400&#8243; button_icon_placement=&#8221;left&#8221; transform_scale_tablet=&#8221;&#8221; transform_scale_phone=&#8221;&#8221; transform_scale_last_edited=&#8221;on|desktop&#8221; transform_translate=&#8221;-92px|0px&#8221; transform_translate_tablet=&#8221;-21px|0px&#8221; transform_translate_phone=&#8221;-22px|0px&#8221; transform_translate_last_edited=&#8221;on|phone&#8221; transform_translate_linked=&#8221;off&#8221; transform_rotate_tablet=&#8221;&#8221; transform_rotate_phone=&#8221;&#8221; transform_rotate_last_edited=&#8221;on|desktop&#8221; transform_skew_tablet=&#8221;&#8221; transform_skew_phone=&#8221;&#8221; transform_skew_last_edited=&#8221;on|desktop&#8221; transform_origin_tablet=&#8221;&#8221; transform_origin_phone=&#8221;&#8221; transform_origin_last_edited=&#8221;on|desktop&#8221; transform_styles_last_edited=&#8221;on|phone&#8221; custom_margin=&#8221;|-50px|||false|false&#8221; transform_styles_tablet=&#8221;&#8221; transform_styles_phone=&#8221;&#8221; global_colors_info=&#8221;{}&#8221;][\/et_pb_button][\/et_pb_column][et_pb_column type=&#8221;3_5&#8243; _builder_version=&#8221;4.17.4&#8243; _module_preset=&#8221;default&#8221; global_colors_info=&#8221;{}&#8221;][et_pb_text _builder_version=&#8221;4.17.4&#8243; _module_preset=&#8221;default&#8221; text_font=&#8221;Signika||||||||&#8221; header_2_font_size=&#8221;22px&#8221; global_colors_info=&#8221;{}&#8221;]<\/p>\n<h1 style=\"text-align: center;\"><strong>M\u00f3dulo 1. Descubriendo Python<\/strong><\/h1>\n<p><strong><\/strong><\/p>\n<h2 style=\"text-align: center;\"><strong>Unidad 1.3 Programaci\u00f3n avanzada<\/strong><\/h2>\n<p>&nbsp;<\/p>\n<p>[\/et_pb_text][\/et_pb_column][et_pb_column type=&#8221;1_5&#8243; _builder_version=&#8221;4.17.4&#8243; _module_preset=&#8221;default&#8221; global_colors_info=&#8221;{}&#8221;][et_pb_button button_url=&#8221;https:\/\/unidigitalsimustat.umh.es\/procesado-de-textos-y-creacion-de-funciones\/&#8221; button_text=&#8221;Unidad 1.4 Procesado de textos y creaci\u00f3n de funciones&#8221; button_alignment=&#8221;center&#8221; _builder_version=&#8221;4.17.4&#8243; _module_preset=&#8221;default&#8221; custom_button=&#8221;on&#8221; button_text_size=&#8221;14px&#8221; button_text_color=&#8221;#bf4c00&#8243; button_bg_color=&#8221;#FFFFFF&#8221; button_border_color=&#8221;#bf5800&#8243; button_font=&#8221;Roboto||||||||&#8221; button_icon=&#8221;&#x49;||divi||400&#8243; transform_scale_tablet=&#8221;&#8221; transform_scale_phone=&#8221;&#8221; transform_scale_last_edited=&#8221;on|tablet&#8221; transform_translate=&#8221;41px|0px&#8221; transform_translate_tablet=&#8221;-20px|0px&#8221; transform_translate_phone=&#8221;-20px|0px&#8221; transform_translate_last_edited=&#8221;on|phone&#8221; transform_translate_linked=&#8221;off&#8221; transform_translate_linked_tablet=&#8221;off&#8221; transform_rotate_tablet=&#8221;&#8221; transform_rotate_phone=&#8221;&#8221; transform_rotate_last_edited=&#8221;on|tablet&#8221; transform_skew_tablet=&#8221;&#8221; transform_skew_phone=&#8221;&#8221; transform_skew_last_edited=&#8221;on|tablet&#8221; transform_origin_tablet=&#8221;&#8221; transform_origin_phone=&#8221;&#8221; transform_origin_last_edited=&#8221;on|tablet&#8221; transform_styles_last_edited=&#8221;on|phone&#8221; custom_margin=&#8221;|-70px|||false|false&#8221; transform_styles_tablet=&#8221;&#8221; transform_styles_phone=&#8221;&#8221; global_colors_info=&#8221;{}&#8221;][\/et_pb_button][\/et_pb_column][\/et_pb_row][et_pb_row column_structure=&#8221;1_4,1_4,1_4,1_4&#8243; _builder_version=&#8221;4.17.4&#8243; _module_preset=&#8221;default&#8221; width=&#8221;89%&#8221; max_width=&#8221;1543px&#8221; global_colors_info=&#8221;{}&#8221;][et_pb_column type=&#8221;1_4&#8243; _builder_version=&#8221;4.17.4&#8243; _module_preset=&#8221;default&#8221; global_colors_info=&#8221;{}&#8221;][et_pb_image src=&#8221;https:\/\/unidigitalsimustat.umh.es\/files\/2023\/05\/Enlace-a-cuaderno-70.png&#8221; title_text=&#8221;Enlace a cuaderno 70&#8243; url=&#8221;https:\/\/colab.research.google.com\/drive\/1s8vuaHhH94JDhDjfMf2DbsdpK7d29usU&#8221; url_new_window=&#8221;on&#8221; align=&#8221;center&#8221; _builder_version=&#8221;4.17.4&#8243; _module_preset=&#8221;default&#8221; width=&#8221;50%&#8221; global_colors_info=&#8221;{}&#8221;][\/et_pb_image][et_pb_accordion _builder_version=&#8221;4.17.4&#8243; _module_preset=&#8221;default&#8221; toggle_font=&#8221;Signika||||||||&#8221; global_colors_info=&#8221;{}&#8221;][et_pb_accordion_item title=&#8221;Tema 70. M\u00f3dulos math, random, time e instalaci\u00f3n de m\u00f3dulos externos&#8221; open=&#8221;on&#8221; _builder_version=&#8221;4.17.4&#8243; _module_preset=&#8221;default&#8221; global_colors_info=&#8221;{}&#8221;]<\/p>\n<ol>\n<li><span style=\"color: #bf5800;\"><a href=\"https:\/\/colab.research.google.com\/drive\/1s8vuaHhH94JDhDjfMf2DbsdpK7d29usU#scrollTo=SesRoXZfZ7q9\" target=\"_blank\" rel=\"noopener\" style=\"color: #bf5800;\">\u00bfQu\u00e9 son los m\u00f3dulos?<\/a><\/span><\/li>\n<li><span style=\"color: #bf5800;\"><a href=\"https:\/\/colab.research.google.com\/drive\/1s8vuaHhH94JDhDjfMf2DbsdpK7d29usU#scrollTo=Dy-4PRSSkw20\" target=\"_blank\" rel=\"noopener\" style=\"color: #bf5800;\">M\u00f3dulo interno &#8216;math&#8217;<\/a><\/span><\/li>\n<li><span style=\"color: #bf5800;\"><a href=\"https:\/\/colab.research.google.com\/drive\/1s8vuaHhH94JDhDjfMf2DbsdpK7d29usU#scrollTo=EjT3mXJ-yGVd\" target=\"_blank\" rel=\"noopener\" style=\"color: #bf5800;\">M\u00f3dulo interno &#8216;random&#8217;<\/a><\/span><\/li>\n<li><span style=\"color: #bf5800;\"><a href=\"https:\/\/colab.research.google.com\/drive\/1s8vuaHhH94JDhDjfMf2DbsdpK7d29usU#scrollTo=eE-RAtz3ZL1f\" target=\"_blank\" rel=\"noopener\" style=\"color: #bf5800;\">M\u00f3dulo interno &#8216;time&#8217;<\/a><\/span><\/li>\n<li><span style=\"color: #bf5800;\"><a href=\"https:\/\/colab.research.google.com\/drive\/1s8vuaHhH94JDhDjfMf2DbsdpK7d29usU#scrollTo=SlCP5r5oJjze\" target=\"_blank\" rel=\"noopener\" style=\"color: #bf5800;\">M\u00f3dulos externos<\/a><\/span><\/li>\n<\/ol>\n<p>&nbsp;<\/p>\n<p>[\/et_pb_accordion_item][\/et_pb_accordion][et_pb_image src=&#8221;https:\/\/unidigitalsimustat.umh.es\/files\/2023\/11\/Enlace-a-video-cuaderno-70-300&#215;54.png&#8221; _builder_version=&#8221;4.17.4&#8243; _module_preset=&#8221;default&#8221; title_text=&#8221;Enlace a v\u00eddeo cuaderno 70&#8243; url=&#8221;https:\/\/www.youtube.com\/watch?v=lvZrUIk9Ja8&#038;list=PLClKgnzRFYe7o6S0hodywIacTxEh3h9p3&#038;index=7&#8243; url_new_window=&#8221;on&#8221; align=&#8221;center&#8221; width=&#8221;50%&#8221; transform_translate_linked=&#8221;off&#8221; transform_translate=&#8221;0px|-25px&#8221; hover_enabled=&#8221;0&#8243; sticky_enabled=&#8221;0&#8243;][\/et_pb_image][\/et_pb_column][et_pb_column type=&#8221;1_4&#8243; _builder_version=&#8221;4.17.4&#8243; _module_preset=&#8221;default&#8221; global_colors_info=&#8221;{}&#8221;][et_pb_image src=&#8221;https:\/\/unidigitalsimustat.umh.es\/files\/2023\/05\/Enlace-a-cuaderno-80.png&#8221; title_text=&#8221;Enlace a cuaderno 80&#8243; url=&#8221;https:\/\/colab.research.google.com\/drive\/1TP8lj4YDBZKpsePrQ_BUN4Lo1EwkeZKS#scrollTo=xuQC5wlOleXQ&#8221; url_new_window=&#8221;on&#8221; align=&#8221;center&#8221; _builder_version=&#8221;4.17.4&#8243; _module_preset=&#8221;default&#8221; width=&#8221;50%&#8221; module_alignment=&#8221;center&#8221; global_colors_info=&#8221;{}&#8221;][\/et_pb_image][et_pb_accordion _builder_version=&#8221;4.17.4&#8243; _module_preset=&#8221;default&#8221; toggle_font=&#8221;Signika||||||||&#8221; custom_padding=&#8221;||5px||false|false&#8221; global_colors_info=&#8221;{}&#8221;][et_pb_accordion_item title=&#8221;Tema 80. El m\u00f3dulo matplotlib&#8221; open=&#8221;on&#8221; _builder_version=&#8221;4.17.4&#8243; _module_preset=&#8221;default&#8221; global_colors_info=&#8221;{}&#8221;]<\/p>\n<ol>\n<li><span style=\"color: #bf5800;\"><a href=\"https:\/\/colab.research.google.com\/drive\/1TP8lj4YDBZKpsePrQ_BUN4Lo1EwkeZKS#scrollTo=SesRoXZfZ7q9\" target=\"_blank\" rel=\"noopener\" style=\"color: #bf5800;\">Introducci\u00f3n a matplotlib<\/a><\/span><\/li>\n<li><span style=\"color: #bf5800;\"><a href=\"https:\/\/colab.research.google.com\/drive\/1TP8lj4YDBZKpsePrQ_BUN4Lo1EwkeZKS#scrollTo=Dy-4PRSSkw20\" target=\"_blank\" rel=\"noopener\" style=\"color: #bf5800;\">Especificaciones b\u00e1sicas<\/a><\/span><\/li>\n<li><span style=\"color: #bf5800;\"><a href=\"https:\/\/colab.research.google.com\/drive\/1TP8lj4YDBZKpsePrQ_BUN4Lo1EwkeZKS#scrollTo=EjT3mXJ-yGVd\" target=\"_blank\" rel=\"noopener\" style=\"color: #bf5800;\">Varias representaciones en un gr\u00e1fico<\/a><\/span><\/li>\n<li><span style=\"color: #bf5800;\"><a href=\"https:\/\/colab.research.google.com\/drive\/1TP8lj4YDBZKpsePrQ_BUN4Lo1EwkeZKS#scrollTo=eE-RAtz3ZL1f\" target=\"_blank\" rel=\"noopener\" style=\"color: #bf5800;\">Varios gr\u00e1ficos en un lienzo<\/a><\/span><\/li>\n<li><span style=\"color: #bf5800;\"><a href=\"https:\/\/colab.research.google.com\/drive\/1TP8lj4YDBZKpsePrQ_BUN4Lo1EwkeZKS#scrollTo=SlCP5r5oJjze\" target=\"_blank\" rel=\"noopener\" style=\"color: #bf5800;\">Configuraci\u00f3n del entorno gr\u00e1fico<\/a><\/span><\/li>\n<li><span style=\"color: #bf5800;\"><a href=\"https:\/\/colab.research.google.com\/drive\/1TP8lj4YDBZKpsePrQ_BUN4Lo1EwkeZKS#scrollTo=y_f0kSXqL1qs\" target=\"_blank\" rel=\"noopener\" style=\"color: #bf5800;\">LovelyPlots: un m\u00f3dulo gr\u00e1fico avanzado<\/a><\/span><\/li>\n<\/ol>\n<p>[\/et_pb_accordion_item][\/et_pb_accordion][et_pb_image src=&#8221;https:\/\/unidigitalsimustat.umh.es\/files\/2023\/11\/Enlace-a-video-cuaderno-80.png&#8221; _builder_version=&#8221;4.17.4&#8243; _module_preset=&#8221;default&#8221; title_text=&#8221;Enlace a v\u00eddeo cuaderno 80&#8243; url=&#8221;https:\/\/www.youtube.com\/watch?v=mO8dRnbly3E&#038;list=PLClKgnzRFYe7o6S0hodywIacTxEh3h9p3&#038;index=8&#8243; url_new_window=&#8221;on&#8221; align=&#8221;center&#8221; width=&#8221;50%&#8221; transform_translate_linked=&#8221;off&#8221; transform_translate=&#8221;0px|-25px&#8221; hover_enabled=&#8221;0&#8243; sticky_enabled=&#8221;0&#8243;][\/et_pb_image][\/et_pb_column][et_pb_column type=&#8221;1_4&#8243; _builder_version=&#8221;4.17.4&#8243; _module_preset=&#8221;default&#8221; global_colors_info=&#8221;{}&#8221;][et_pb_image src=&#8221;https:\/\/unidigitalsimustat.umh.es\/files\/2023\/05\/Enlace-a-cuaderno-90.png&#8221; title_text=&#8221;Enlace a cuaderno 90&#8243; url=&#8221;https:\/\/colab.research.google.com\/drive\/1RKKxm70yB9FVuSgNKiUs_tFiHc9pjsrz#scrollTo=xuQC5wlOleXQ&#8221; url_new_window=&#8221;on&#8221; align=&#8221;center&#8221; _builder_version=&#8221;4.17.4&#8243; _module_preset=&#8221;default&#8221; width=&#8221;50%&#8221; module_alignment=&#8221;center&#8221; global_colors_info=&#8221;{}&#8221;][\/et_pb_image][et_pb_accordion _builder_version=&#8221;4.17.4&#8243; _module_preset=&#8221;default&#8221; toggle_font=&#8221;Signika||||||||&#8221; global_colors_info=&#8221;{}&#8221;][et_pb_accordion_item title=&#8221;Tema 90. Creaci\u00f3n y gesti\u00f3n de ficheros&#8221; open=&#8221;on&#8221; _builder_version=&#8221;4.17.4&#8243; _module_preset=&#8221;default&#8221; global_colors_info=&#8221;{}&#8221;]<\/p>\n<ol>\n<li><span style=\"color: #bf5800;\"><a href=\"https:\/\/colab.research.google.com\/drive\/1RKKxm70yB9FVuSgNKiUs_tFiHc9pjsrz#scrollTo=SesRoXZfZ7q9\" target=\"_blank\" rel=\"noopener\" style=\"color: #bf5800;\">Sistema de archivos de Google Colab<\/a><\/span><\/li>\n<li><span style=\"color: #bf5800;\"><a href=\"https:\/\/colab.research.google.com\/drive\/1RKKxm70yB9FVuSgNKiUs_tFiHc9pjsrz#scrollTo=zFDLYBaRsgL0\" target=\"_blank\" rel=\"noopener\" style=\"color: #bf5800;\">Importaci\u00f3n y exportaci\u00f3n de archivos<\/a><\/span><\/li>\n<li><span style=\"color: #bf5800;\"><a href=\"https:\/\/colab.research.google.com\/drive\/1RKKxm70yB9FVuSgNKiUs_tFiHc9pjsrz#scrollTo=EjT3mXJ-yGVd\" target=\"_blank\" rel=\"noopener\" style=\"color: #bf5800;\">Manejo b\u00e1sico de archivos<\/a><\/span><\/li>\n<li><span style=\"color: #bf5800;\"><a href=\"https:\/\/colab.research.google.com\/drive\/1RKKxm70yB9FVuSgNKiUs_tFiHc9pjsrz#scrollTo=ineh22VIQY_8\" target=\"_blank\" rel=\"noopener\" style=\"color: #bf5800;\">Escritura y lectura de archivos<\/a><\/span><\/li>\n<li><span style=\"color: #bf5800;\"><a href=\"https:\/\/colab.research.google.com\/drive\/1RKKxm70yB9FVuSgNKiUs_tFiHc9pjsrz#scrollTo=eE-RAtz3ZL1f\" target=\"_blank\" rel=\"noopener\" style=\"color: #bf5800;\">Usos avanzados con archivos<\/a><\/span><\/li>\n<\/ol>\n<p><span style=\"color: #bf5800;\"><\/span><\/p>\n<p><span style=\"color: #bf5800;\"><\/span><\/p>\n<p><span style=\"color: #bf5800;\"><\/span><\/p>\n<p><span style=\"color: #bf5800;\"><\/span><\/p>\n<p>[\/et_pb_accordion_item][\/et_pb_accordion][et_pb_image src=&#8221;https:\/\/unidigitalsimustat.umh.es\/files\/2023\/11\/Enlace-a-video-cuaderno-90.png&#8221; _builder_version=&#8221;4.17.4&#8243; _module_preset=&#8221;default&#8221; title_text=&#8221;Enlace a v\u00eddeo cuaderno 90&#8243; url=&#8221;https:\/\/www.youtube.com\/watch?v=wzwnVQN0VoE&#038;list=PLClKgnzRFYe7o6S0hodywIacTxEh3h9p3&#038;index=9&#8243; url_new_window=&#8221;on&#8221; align=&#8221;center&#8221; width=&#8221;50%&#8221; transform_translate_linked=&#8221;off&#8221; transform_translate=&#8221;0px|-25px&#8221; hover_enabled=&#8221;0&#8243; sticky_enabled=&#8221;0&#8243;][\/et_pb_image][\/et_pb_column][et_pb_column type=&#8221;1_4&#8243; _builder_version=&#8221;4.17.4&#8243; _module_preset=&#8221;default&#8221; global_colors_info=&#8221;{}&#8221;][et_pb_image src=&#8221;https:\/\/unidigitalsimustat.umh.es\/files\/2023\/05\/Enlace-a-cuaderno-100.png&#8221; title_text=&#8221;Enlace a cuaderno 100&#8243; url=&#8221;https:\/\/colab.research.google.com\/drive\/1q9hZcqKVktdQi5eDZGycieGFHDVABz2i#scrollTo=xuQC5wlOleXQ&#8221; url_new_window=&#8221;on&#8221; align=&#8221;center&#8221; _builder_version=&#8221;4.17.4&#8243; _module_preset=&#8221;default&#8221; width=&#8221;50%&#8221; module_alignment=&#8221;center&#8221; global_colors_info=&#8221;{}&#8221;][\/et_pb_image][et_pb_accordion _builder_version=&#8221;4.17.4&#8243; _module_preset=&#8221;default&#8221; toggle_font=&#8221;Signika||||||||&#8221; hover_enabled=&#8221;0&#8243; global_colors_info=&#8221;{}&#8221; sticky_enabled=&#8221;0&#8243;][et_pb_accordion_item title=&#8221;Tema 100. M\u00f3dulos para el tratamiento&#8221; open=&#8221;on&#8221; _builder_version=&#8221;4.17.4&#8243; _module_preset=&#8221;default&#8221; hover_enabled=&#8221;0&#8243; global_colors_info=&#8221;{}&#8221; sticky_enabled=&#8221;0&#8243;]<\/p>\n<ol>\n<li><span style=\"color: #bf5800;\"><a href=\"https:\/\/colab.research.google.com\/drive\/1q9hZcqKVktdQi5eDZGycieGFHDVABz2i#scrollTo=SesRoXZfZ7q9\" target=\"_blank\" rel=\"noopener\" style=\"color: #bf5800;\">El m\u00f3dulo os: gesti\u00f3n de carpetas y archivos<\/a><\/span><\/li>\n<li><span style=\"color: #bf5800;\"><a href=\"https:\/\/colab.research.google.com\/drive\/1q9hZcqKVktdQi5eDZGycieGFHDVABz2i#scrollTo=Dy-4PRSSkw20\" target=\"_blank\" rel=\"noopener\" style=\"color: #bf5800;\">El m\u00f3dulo urllib: acceso web<\/a><\/span><\/li>\n<li><span style=\"color: #bf5800;\"><a href=\"https:\/\/colab.research.google.com\/drive\/1q9hZcqKVktdQi5eDZGycieGFHDVABz2i#scrollTo=EjT3mXJ-yGVd\" target=\"_blank\" rel=\"noopener\" style=\"color: #bf5800;\">Trabajar con Google Drive<\/a><\/span><\/li>\n<li><span style=\"color: #bf5800;\"><a href=\"https:\/\/colab.research.google.com\/drive\/1q9hZcqKVktdQi5eDZGycieGFHDVABz2i#scrollTo=ineh22VIQY_8\" target=\"_blank\" rel=\"noopener\" style=\"color: #bf5800;\">Comandos &#8220;magic&#8221; para archivos de c\u00f3digo<\/a><\/span><span style=\"color: #bf5800;\"><\/span><\/li>\n<\/ol>\n<p><span style=\"color: #bf5800;\"><\/span><\/p>\n<p><span style=\"color: #bf5800;\"><\/span><\/p>\n<p>[\/et_pb_accordion_item][\/et_pb_accordion][et_pb_image src=&#8221;https:\/\/unidigitalsimustat.umh.es\/files\/2023\/11\/Enlace-a-video-cuaderno-100.png&#8221; _builder_version=&#8221;4.17.4&#8243; _module_preset=&#8221;default&#8221; title_text=&#8221;Enlace a v\u00eddeo cuaderno 100&#8243; url=&#8221;https:\/\/www.youtube.com\/watch?v=h24JL2Xfmdo&#038;list=PLClKgnzRFYe7o6S0hodywIacTxEh3h9p3&#038;index=10&#8243; url_new_window=&#8221;on&#8221; align=&#8221;center&#8221; width=&#8221;50%&#8221; transform_translate_linked=&#8221;off&#8221; transform_translate=&#8221;0px|-25px&#8221; hover_enabled=&#8221;0&#8243; sticky_enabled=&#8221;0&#8243;][\/et_pb_image][\/et_pb_column][\/et_pb_row][et_pb_row column_structure=&#8221;1_4,1_4,1_4,1_4&#8243; _builder_version=&#8221;4.17.4&#8243; _module_preset=&#8221;default&#8221; max_width=&#8221;1300px&#8221; global_colors_info=&#8221;{}&#8221; theme_builder_area=&#8221;post_content&#8221;][et_pb_column type=&#8221;1_4&#8243; _builder_version=&#8221;4.17.4&#8243; _module_preset=&#8221;default&#8221; global_colors_info=&#8221;{}&#8221; theme_builder_area=&#8221;post_content&#8221;][et_pb_gallery gallery_ids=&#8221;517&#8243; posts_number=&#8221;1&#8243; show_title_and_caption=&#8221;off&#8221; _builder_version=&#8221;4.17.4&#8243; _module_preset=&#8221;default&#8221; transform_translate=&#8221;-90px|0px&#8221; transform_translate_linked=&#8221;off&#8221; width=&#8221;85%&#8221; module_alignment=&#8221;center&#8221; custom_padding=&#8221;|0px||||&#8221; global_colors_info=&#8221;{}&#8221; theme_builder_area=&#8221;post_content&#8221;][\/et_pb_gallery][\/et_pb_column][et_pb_column type=&#8221;1_4&#8243; _builder_version=&#8221;4.17.4&#8243; _module_preset=&#8221;default&#8221; global_colors_info=&#8221;{}&#8221; theme_builder_area=&#8221;post_content&#8221;][et_pb_gallery gallery_ids=&#8221;520&#8243; posts_number=&#8221;1&#8243; show_title_and_caption=&#8221;off&#8221; _builder_version=&#8221;4.17.4&#8243; _module_preset=&#8221;default&#8221; transform_translate=&#8221;-30px|0px&#8221; transform_translate_linked=&#8221;off&#8221; width=&#8221;85%&#8221; module_alignment=&#8221;center&#8221; custom_padding=&#8221;|0px||||&#8221; global_colors_info=&#8221;{}&#8221; theme_builder_area=&#8221;post_content&#8221;][\/et_pb_gallery][\/et_pb_column][et_pb_column type=&#8221;1_4&#8243; _builder_version=&#8221;4.17.4&#8243; _module_preset=&#8221;default&#8221; global_colors_info=&#8221;{}&#8221; theme_builder_area=&#8221;post_content&#8221;][et_pb_gallery gallery_ids=&#8221;523&#8243; posts_number=&#8221;1&#8243; show_title_and_caption=&#8221;off&#8221; _builder_version=&#8221;4.17.4&#8243; _module_preset=&#8221;default&#8221; transform_translate=&#8221;35px|0px&#8221; transform_translate_linked=&#8221;off&#8221; width=&#8221;85%&#8221; module_alignment=&#8221;center&#8221; custom_padding=&#8221;|0px||||&#8221; global_colors_info=&#8221;{}&#8221; theme_builder_area=&#8221;post_content&#8221;][\/et_pb_gallery][\/et_pb_column][et_pb_column type=&#8221;1_4&#8243; _builder_version=&#8221;4.17.4&#8243; _module_preset=&#8221;default&#8221; global_colors_info=&#8221;{}&#8221; theme_builder_area=&#8221;post_content&#8221;][et_pb_gallery gallery_ids=&#8221;526&#8243; posts_number=&#8221;1&#8243; show_title_and_caption=&#8221;off&#8221; _builder_version=&#8221;4.17.4&#8243; _module_preset=&#8221;default&#8221; transform_translate=&#8221;95px|0px&#8221; transform_translate_linked=&#8221;off&#8221; width=&#8221;85%&#8221; module_alignment=&#8221;center&#8221; custom_padding=&#8221;|0px||||&#8221; global_colors_info=&#8221;{}&#8221; theme_builder_area=&#8221;post_content&#8221;][\/et_pb_gallery][\/et_pb_column][\/et_pb_row][\/et_pb_section]<\/p>\n","protected":false},"excerpt":{"rendered":"<p>M\u00f3dulo 1. Descubriendo Python Unidad 1.3 Programaci\u00f3n avanzada &nbsp; \u00bfQu\u00e9 son los m\u00f3dulos? M\u00f3dulo interno &#8216;math&#8217; M\u00f3dulo interno &#8216;random&#8217; M\u00f3dulo interno &#8216;time&#8217; M\u00f3dulos externos &nbsp; Introducci\u00f3n a matplotlib Especificaciones b\u00e1sicas Varias representaciones en un gr\u00e1fico Varios gr\u00e1ficos en un lienzo Configuraci\u00f3n del entorno gr\u00e1fico LovelyPlots: un m\u00f3dulo gr\u00e1fico avanzado Sistema de archivos de Google Colab [&hellip;]<\/p>\n","protected":false},"author":24704,"featured_media":0,"parent":0,"menu_order":0,"comment_status":"closed","ping_status":"closed","template":"","meta":{"_et_pb_use_builder":"on","_et_pb_old_content":"","_et_gb_content_width":"","ngg_post_thumbnail":0,"_links_to":"","_links_to_target":""},"_links":{"self":[{"href":"https:\/\/unidigitalsimustat.umh.es\/ca\/wp-json\/wp\/v2\/pages\/160"}],"collection":[{"href":"https:\/\/unidigitalsimustat.umh.es\/ca\/wp-json\/wp\/v2\/pages"}],"about":[{"href":"https:\/\/unidigitalsimustat.umh.es\/ca\/wp-json\/wp\/v2\/types\/page"}],"author":[{"embeddable":true,"href":"https:\/\/unidigitalsimustat.umh.es\/ca\/wp-json\/wp\/v2\/users\/24704"}],"replies":[{"embeddable":true,"href":"https:\/\/unidigitalsimustat.umh.es\/ca\/wp-json\/wp\/v2\/comments?post=160"}],"version-history":[{"count":0,"href":"https:\/\/unidigitalsimustat.umh.es\/ca\/wp-json\/wp\/v2\/pages\/160\/revisions"}],"wp:attachment":[{"href":"https:\/\/unidigitalsimustat.umh.es\/ca\/wp-json\/wp\/v2\/media?parent=160"}],"curies":[{"name":"wp","href":"https:\/\/api.w.org\/{rel}","templated":true}]}}