{"id":215,"date":"2023-05-08T08:50:14","date_gmt":"2023-05-08T06:50:14","guid":{"rendered":"https:\/\/unidigitalsimustat.umh.es\/?page_id=215"},"modified":"2023-11-02T10:05:28","modified_gmt":"2023-11-02T09:05:28","slug":"analisis-exploratorio-de-datos","status":"publish","type":"page","link":"https:\/\/unidigitalsimustat.umh.es\/ca\/analisis-exploratorio-de-datos\/","title":{"rendered":"<span lang=\"es\">(Espa\u00f1ol) An\u00e1lisis exploratorio de datos<\/span>"},"content":{"rendered":"<p>[et_pb_section fb_built=&#8221;1&#8243; _builder_version=&#8221;4.17.4&#8243; _module_preset=&#8221;default&#8221; global_colors_info=&#8221;{}&#8221;][et_pb_row column_structure=&#8221;1_5,3_5,1_5&#8243; _builder_version=&#8221;4.17.4&#8243; _module_preset=&#8221;default&#8221; global_colors_info=&#8221;{}&#8221;][et_pb_column type=&#8221;1_5&#8243; _builder_version=&#8221;4.17.4&#8243; _module_preset=&#8221;default&#8221; global_colors_info=&#8221;{}&#8221;][et_pb_button button_url=&#8221;https:\/\/unidigitalsimustat.umh.es\/procesamiento-de-datos\/&#8221; button_text=&#8221;Unidad 2.1 Procesamiento de datos&#8221; button_alignment=&#8221;center&#8221; _builder_version=&#8221;4.17.4&#8243; _module_preset=&#8221;default&#8221; custom_button=&#8221;on&#8221; button_text_size=&#8221;14px&#8221; button_text_color=&#8221;#bf4c00&#8243; button_bg_color=&#8221;#FFFFFF&#8221; button_border_color=&#8221;#bf5800&#8243; button_font=&#8221;Roboto||||||||&#8221; button_icon=&#8221;&#x48;||divi||400&#8243; button_icon_placement=&#8221;left&#8221; transform_scale_tablet=&#8221;&#8221; transform_scale_phone=&#8221;&#8221; transform_scale_last_edited=&#8221;on|desktop&#8221; transform_translate=&#8221;-92px|0px&#8221; transform_translate_tablet=&#8221;-21px|0px&#8221; transform_translate_phone=&#8221;-22px|0px&#8221; transform_translate_last_edited=&#8221;on|phone&#8221; transform_translate_linked=&#8221;off&#8221; transform_rotate_tablet=&#8221;&#8221; transform_rotate_phone=&#8221;&#8221; transform_rotate_last_edited=&#8221;on|desktop&#8221; transform_skew_tablet=&#8221;&#8221; transform_skew_phone=&#8221;&#8221; transform_skew_last_edited=&#8221;on|desktop&#8221; transform_origin_tablet=&#8221;&#8221; transform_origin_phone=&#8221;&#8221; transform_origin_last_edited=&#8221;on|desktop&#8221; transform_styles_last_edited=&#8221;on|phone&#8221; custom_margin=&#8221;|-50px|||false|false&#8221; transform_styles_tablet=&#8221;&#8221; transform_styles_phone=&#8221;&#8221; global_colors_info=&#8221;{}&#8221;][\/et_pb_button][\/et_pb_column][et_pb_column type=&#8221;3_5&#8243; _builder_version=&#8221;4.17.4&#8243; _module_preset=&#8221;default&#8221; global_colors_info=&#8221;{}&#8221;][et_pb_text _builder_version=&#8221;4.17.4&#8243; _module_preset=&#8221;default&#8221; text_font=&#8221;Signika||||||||&#8221; header_2_font_size=&#8221;22px&#8221; global_colors_info=&#8221;{}&#8221;]<\/p>\n<h1 style=\"text-align: center;\"><strong><span data-sheets-value=\"{&quot;1&quot;:2,&quot;2&quot;:&quot;2. Procesado inicial de datos&quot;}\" data-sheets-userformat=\"{&quot;2&quot;:641,&quot;3&quot;:{&quot;1&quot;:0},&quot;10&quot;:1,&quot;12&quot;:0}\">M\u00f3dulo 2. Procesado inicial de datos<\/span><\/strong><\/h1>\n<p><strong><\/strong><\/p>\n<h2 style=\"text-align: center;\"><strong><span data-sheets-value=\"{&quot;1&quot;:2,&quot;2&quot;:&quot;2.2 An\u00e1lisis exploratorio de datos&quot;}\" data-sheets-userformat=\"{&quot;2&quot;:641,&quot;3&quot;:{&quot;1&quot;:0},&quot;10&quot;:1,&quot;12&quot;:0}\">Unidad 2.2 An\u00e1lisis exploratorio de datos<\/span><\/strong><\/h2>\n<p>&nbsp;<\/p>\n<p>[\/et_pb_text][\/et_pb_column][et_pb_column type=&#8221;1_5&#8243; _builder_version=&#8221;4.17.4&#8243; _module_preset=&#8221;default&#8221; global_colors_info=&#8221;{}&#8221;][et_pb_button button_url=&#8221;https:\/\/unidigitalsimustat.umh.es\/visualizacion-de-datos\/&#8221; button_text=&#8221;Unidad 2.3 Visualizaci\u00f3n de datos&#8221; button_alignment=&#8221;center&#8221; _builder_version=&#8221;4.17.4&#8243; _module_preset=&#8221;default&#8221; custom_button=&#8221;on&#8221; button_text_size=&#8221;14px&#8221; button_text_color=&#8221;#bf4c00&#8243; button_bg_color=&#8221;#FFFFFF&#8221; button_border_color=&#8221;#bf5800&#8243; button_font=&#8221;Roboto||||||||&#8221; button_icon=&#8221;&#x49;||divi||400&#8243; transform_scale_tablet=&#8221;&#8221; transform_scale_phone=&#8221;&#8221; transform_scale_last_edited=&#8221;on|tablet&#8221; transform_translate=&#8221;41px|0px&#8221; transform_translate_tablet=&#8221;-20px|0px&#8221; transform_translate_phone=&#8221;-20px|0px&#8221; transform_translate_last_edited=&#8221;on|phone&#8221; transform_translate_linked=&#8221;off&#8221; transform_translate_linked_tablet=&#8221;off&#8221; transform_rotate_tablet=&#8221;&#8221; transform_rotate_phone=&#8221;&#8221; transform_rotate_last_edited=&#8221;on|tablet&#8221; transform_skew_tablet=&#8221;&#8221; transform_skew_phone=&#8221;&#8221; transform_skew_last_edited=&#8221;on|tablet&#8221; transform_origin_tablet=&#8221;&#8221; transform_origin_phone=&#8221;&#8221; transform_origin_last_edited=&#8221;on|tablet&#8221; transform_styles_last_edited=&#8221;on|phone&#8221; custom_margin=&#8221;|-50px|||false|false&#8221; transform_styles_tablet=&#8221;&#8221; transform_styles_phone=&#8221;&#8221; global_colors_info=&#8221;{}&#8221;][\/et_pb_button][\/et_pb_column][\/et_pb_row][et_pb_row column_structure=&#8221;1_3,1_3,1_3&#8243; _builder_version=&#8221;4.17.4&#8243; _module_preset=&#8221;default&#8221; width=&#8221;89%&#8221; max_width=&#8221;1543px&#8221; global_colors_info=&#8221;{}&#8221;][et_pb_column type=&#8221;1_3&#8243; _builder_version=&#8221;4.17.4&#8243; _module_preset=&#8221;default&#8221; global_colors_info=&#8221;{}&#8221;][et_pb_image src=&#8221;https:\/\/unidigitalsimustat.umh.es\/files\/2023\/05\/Enlace-a-cuaderno-190.png&#8221; title_text=&#8221;Enlace a cuaderno 190&#8243; url=&#8221;https:\/\/colab.research.google.com\/drive\/1k1kHvACYkNuNjAcV3c0S7xoeLBphOEcF&#8221; url_new_window=&#8221;on&#8221; _builder_version=&#8221;4.17.4&#8243; _module_preset=&#8221;default&#8221; width=&#8221;50%&#8221; module_alignment=&#8221;center&#8221; global_colors_info=&#8221;{}&#8221;][\/et_pb_image][et_pb_accordion _builder_version=&#8221;4.17.4&#8243; _module_preset=&#8221;default&#8221; toggle_font=&#8221;Signika||||||||&#8221; global_colors_info=&#8221;{}&#8221;][et_pb_accordion_item title=&#8221;Tema 190. Tablas de frecuencias&#8221; open=&#8221;on&#8221; _builder_version=&#8221;4.17.4&#8243; _module_preset=&#8221;default&#8221; global_colors_info=&#8221;{}&#8221;]<\/p>\n<ol>\n<li><span style=\"color: #bf5800;\"><a href=\"https:\/\/colab.research.google.com\/drive\/1k1kHvACYkNuNjAcV3c0S7xoeLBphOEcF#scrollTo=SesRoXZfZ7q9\" target=\"_blank\" rel=\"noopener\" style=\"color: #bf5800;\">\u00bfQu\u00e9 son las tablas de frecuencias?<\/a><\/span><\/li>\n<li><span style=\"color: #bf5800;\"><a href=\"https:\/\/colab.research.google.com\/drive\/1k1kHvACYkNuNjAcV3c0S7xoeLBphOEcF#scrollTo=Dy-4PRSSkw20\" target=\"_blank\" rel=\"noopener\" style=\"color: #bf5800;\">Tablas de frecuencias para variables cualitativas nominales<\/a><\/span><\/li>\n<li><span style=\"color: #bf5800;\"><a href=\"https:\/\/colab.research.google.com\/drive\/1k1kHvACYkNuNjAcV3c0S7xoeLBphOEcF#scrollTo=eE-RAtz3ZL1f\" target=\"_blank\" rel=\"noopener\" style=\"color: #bf5800;\">Tablas de frecuencias para variables cualitativas ordinales<\/a><\/span><\/li>\n<li><span style=\"color: #bf5800;\"><a href=\"https:\/\/colab.research.google.com\/drive\/1k1kHvACYkNuNjAcV3c0S7xoeLBphOEcF#scrollTo=8CeCM2Df8nDa\" target=\"_blank\" rel=\"noopener\" style=\"color: #bf5800;\">Tablas de frecuencias para variables cuantitativas<\/a><\/span><\/li>\n<li><span style=\"color: #bf5800;\"><a href=\"https:\/\/colab.research.google.com\/drive\/1k1kHvACYkNuNjAcV3c0S7xoeLBphOEcF#scrollTo=g3pL0zzr8nbN\" target=\"_blank\" rel=\"noopener\" style=\"color: #bf5800;\">Tablas de frecuencias para dos variables<\/a><\/span><\/li>\n<li><span style=\"color: #bf5800;\"><a href=\"https:\/\/colab.research.google.com\/drive\/1k1kHvACYkNuNjAcV3c0S7xoeLBphOEcF#scrollTo=xRZmkTCc8nlz\" target=\"_blank\" rel=\"noopener\" style=\"color: #bf5800;\"> Tablas de frecuencias multivariantes<\/a><\/span><\/li>\n<li><span style=\"color: #bf5800;\"><a href=\"https:\/\/colab.research.google.com\/drive\/1k1kHvACYkNuNjAcV3c0S7xoeLBphOEcF#scrollTo=WW1LB4P9zMsZ\" target=\"_blank\" rel=\"noopener\" style=\"color: #bf5800;\">Exportando tablas de frecuencia<\/a><\/span><\/li>\n<\/ol>\n<p><span style=\"color: #bf5800;\"><\/span><\/p>\n<p><span style=\"color: #bf5800;\"><\/span><\/p>\n<p>[\/et_pb_accordion_item][\/et_pb_accordion][et_pb_image src=&#8221;https:\/\/unidigitalsimustat.umh.es\/files\/2023\/11\/Enlace-a-video-cuaderno-190-300&#215;54.png&#8221; title_text=&#8221;Enlace a v\u00eddeo cuaderno 190&#8243; url=&#8221;https:\/\/www.youtube.com\/watch?v=FX4i37sTlVI&#038;list=PLClKgnzRFYe7o6S0hodywIacTxEh3h9p3&#038;index=19&#8243; url_new_window=&#8221;on&#8221; align=&#8221;center&#8221; _builder_version=&#8221;4.17.4&#8243; _module_preset=&#8221;default&#8221; transform_translate=&#8221;0px|-25px&#8221; transform_translate_linked=&#8221;off&#8221; width=&#8221;50%&#8221; global_colors_info=&#8221;{}&#8221;][\/et_pb_image][\/et_pb_column][et_pb_column type=&#8221;1_3&#8243; _builder_version=&#8221;4.17.4&#8243; _module_preset=&#8221;default&#8221; global_colors_info=&#8221;{}&#8221;][et_pb_image src=&#8221;https:\/\/unidigitalsimustat.umh.es\/files\/2023\/05\/Enlace-a-cuaderno-200.png&#8221; title_text=&#8221;Enlace a cuaderno 200&#8243; url=&#8221;https:\/\/colab.research.google.com\/drive\/1dfJOHT5wc2pnlZKbkqWTzqOQ0fLK7kdN&#8221; url_new_window=&#8221;on&#8221; _builder_version=&#8221;4.17.4&#8243; _module_preset=&#8221;default&#8221; width=&#8221;50%&#8221; module_alignment=&#8221;center&#8221; global_colors_info=&#8221;{}&#8221;][\/et_pb_image][et_pb_accordion _builder_version=&#8221;4.17.4&#8243; _module_preset=&#8221;default&#8221; toggle_font=&#8221;Signika||||||||&#8221; global_colors_info=&#8221;{}&#8221;][et_pb_accordion_item title=&#8221;Tema 200. An\u00e1lisis descriptivo de variables &#8211; Medidas de centralizaci\u00f3n y dispersi\u00f3n&#8221; open=&#8221;on&#8221; _builder_version=&#8221;4.17.4&#8243; _module_preset=&#8221;default&#8221; global_colors_info=&#8221;{}&#8221;]<\/p>\n<ol>\n<li><span style=\"color: #bf5800;\"><a href=\"https:\/\/colab.research.google.com\/drive\/1dfJOHT5wc2pnlZKbkqWTzqOQ0fLK7kdN#scrollTo=SesRoXZfZ7q9\" target=\"_blank\" rel=\"noopener\" style=\"color: #bf5800;\">Introducci\u00f3n al an\u00e1lisis descriptivo<\/a><\/span><\/li>\n<li><span style=\"color: #bf5800;\"><a href=\"https:\/\/colab.research.google.com\/drive\/1dfJOHT5wc2pnlZKbkqWTzqOQ0fLK7kdN#scrollTo=Dy-4PRSSkw20\" target=\"_blank\" rel=\"noopener\" style=\"color: #bf5800;\">Primeras medidas de descripci\u00f3n<\/a><\/span><\/li>\n<li><span style=\"color: #bf5800;\"><a href=\"https:\/\/colab.research.google.com\/drive\/1dfJOHT5wc2pnlZKbkqWTzqOQ0fLK7kdN#scrollTo=eE-RAtz3ZL1f\" target=\"_blank\" rel=\"noopener\" style=\"color: #bf5800;\">Medidas de posici\u00f3n<\/a><\/span><\/li>\n<li><span style=\"color: #bf5800;\"><a href=\"https:\/\/colab.research.google.com\/drive\/1dfJOHT5wc2pnlZKbkqWTzqOQ0fLK7kdN#scrollTo=J1-2PimHjwcH\" target=\"_blank\" rel=\"noopener\" style=\"color: #bf5800;\">Medidas de dispersi\u00f3n<\/a><\/span><\/li>\n<li><span style=\"color: #bf5800;\"><a href=\"https:\/\/colab.research.google.com\/drive\/1dfJOHT5wc2pnlZKbkqWTzqOQ0fLK7kdN#scrollTo=QhbErSj3s8Vj\" target=\"_blank\" rel=\"noopener\" style=\"color: #bf5800;\">Medidas de asimetr\u00eda y kurtosis<\/a><\/span><\/li>\n<li><span style=\"color: #bf5800;\"><a href=\"https:\/\/colab.research.google.com\/drive\/1dfJOHT5wc2pnlZKbkqWTzqOQ0fLK7kdN#scrollTo=osF_n0rl7RMc\" target=\"_blank\" rel=\"noopener\" style=\"color: #bf5800;\">An\u00e1lisis descriptivo para tablas de frecuencia<\/a><\/span><\/li>\n<li><span style=\"color: #bf5800;\"><a href=\"https:\/\/colab.research.google.com\/drive\/1dfJOHT5wc2pnlZKbkqWTzqOQ0fLK7kdN#scrollTo=imC0ZuwfGZFo\" target=\"_blank\" rel=\"noopener\" style=\"color: #bf5800;\">Tablas de descriptivos por estratos<\/a><\/span><\/li>\n<\/ol>\n<p>[\/et_pb_accordion_item][\/et_pb_accordion][et_pb_image src=&#8221;https:\/\/unidigitalsimustat.umh.es\/files\/2023\/11\/Enlace-a-video-cuaderno-200.png&#8221; title_text=&#8221;Enlace a v\u00eddeo cuaderno 200&#8243; url=&#8221;https:\/\/www.youtube.com\/watch?v=CY7_RPDwsY8&#038;list=PLClKgnzRFYe7o6S0hodywIacTxEh3h9p3&#038;index=20&#8243; url_new_window=&#8221;on&#8221; align=&#8221;center&#8221; _builder_version=&#8221;4.17.4&#8243; _module_preset=&#8221;default&#8221; transform_translate=&#8221;0px|-25px&#8221; transform_translate_linked=&#8221;off&#8221; width=&#8221;50%&#8221; global_colors_info=&#8221;{}&#8221;][\/et_pb_image][\/et_pb_column][et_pb_column type=&#8221;1_3&#8243; _builder_version=&#8221;4.17.4&#8243; _module_preset=&#8221;default&#8221; global_colors_info=&#8221;{}&#8221;][et_pb_image src=&#8221;https:\/\/unidigitalsimustat.umh.es\/files\/2023\/05\/Enlace-a-cuaderno-210.png&#8221; title_text=&#8221;Enlace a cuaderno 210&#8243; url=&#8221;https:\/\/colab.research.google.com\/drive\/1a9AGIVjIXXhIXdhwpWX0PiHnJdH212a4&#8243; url_new_window=&#8221;on&#8221; _builder_version=&#8221;4.17.4&#8243; _module_preset=&#8221;default&#8221; width=&#8221;50%&#8221; module_alignment=&#8221;center&#8221; global_colors_info=&#8221;{}&#8221;][\/et_pb_image][et_pb_accordion _builder_version=&#8221;4.17.4&#8243; _module_preset=&#8221;default&#8221; toggle_font=&#8221;Signika||||||||&#8221; global_colors_info=&#8221;{}&#8221;][et_pb_accordion_item title=&#8221;Tema 210. Relaci\u00f3n entre variables&#8221; open=&#8221;on&#8221; _builder_version=&#8221;4.17.4&#8243; _module_preset=&#8221;default&#8221; global_colors_info=&#8221;{}&#8221;]<\/p>\n<ol>\n<li><span style=\"color: #bf5800;\"><a href=\"https:\/\/colab.research.google.com\/drive\/1a9AGIVjIXXhIXdhwpWX0PiHnJdH212a4#scrollTo=SesRoXZfZ7q9\" target=\"_blank\" rel=\"noopener\" style=\"color: #bf5800;\">An\u00e1lisis de correlaci\u00f3n entre variables cuantitativas<\/a><\/span><\/li>\n<li><span style=\"color: #bf5800;\"><a href=\"https:\/\/colab.research.google.com\/drive\/1a9AGIVjIXXhIXdhwpWX0PiHnJdH212a4#scrollTo=Dy-4PRSSkw20\" target=\"_blank\" rel=\"noopener\" style=\"color: #bf5800;\">Medidas de asociaci\u00f3n entre variables cualitativas<\/a><\/span><\/li>\n<li><span style=\"color: #bf5800;\"><a href=\"https:\/\/colab.research.google.com\/drive\/1a9AGIVjIXXhIXdhwpWX0PiHnJdH212a4#scrollTo=eE-RAtz3ZL1f\" target=\"_blank\" rel=\"noopener\" style=\"color: #bf5800;\">An\u00e1lisis de correlaci\u00f3n por grupos<\/a><\/span><\/li>\n<li><span style=\"color: #bf5800;\"><a href=\"https:\/\/colab.research.google.com\/drive\/1a9AGIVjIXXhIXdhwpWX0PiHnJdH212a4#scrollTo=8CeCM2Df8nDa\" target=\"_blank\" rel=\"noopener\" style=\"color: #bf5800;\">Medidas de asociaci\u00f3n por grupos<\/a><\/span><\/li>\n<li><span style=\"color: #bf5800;\"><a href=\"https:\/\/colab.research.google.com\/drive\/1a9AGIVjIXXhIXdhwpWX0PiHnJdH212a4#scrollTo=g3pL0zzr8nbN\" target=\"_blank\" rel=\"noopener\" style=\"color: #bf5800;\">An\u00e1lisis de correlaci\u00f3n multivariante<\/a><\/span><\/li>\n<\/ol>\n<p><span style=\"color: #bf5800;\"><\/span><\/p>\n<p><span style=\"color: #bf5800;\"><\/span><\/p>\n<p><span style=\"color: #bf5800;\"><\/span><\/p>\n<p><span style=\"color: #bf5800;\"><\/span><\/p>\n<p><span style=\"color: #bf5800;\"><\/span><\/p>\n<p><span style=\"color: #bf5800;\"><\/span><\/p>\n<p>[\/et_pb_accordion_item][\/et_pb_accordion][et_pb_image src=&#8221;https:\/\/unidigitalsimustat.umh.es\/files\/2023\/11\/Enlace-a-video-cuaderno-210.png&#8221; title_text=&#8221;Enlace a v\u00eddeo cuaderno 210&#8243; url=&#8221;https:\/\/www.youtube.com\/watch?v=yoj5SC8MMQk&#038;list=PLClKgnzRFYe7o6S0hodywIacTxEh3h9p3&#038;index=21&#8243; url_new_window=&#8221;on&#8221; align=&#8221;center&#8221; _builder_version=&#8221;4.17.4&#8243; _module_preset=&#8221;default&#8221; transform_translate=&#8221;0px|-25px&#8221; transform_translate_linked=&#8221;off&#8221; width=&#8221;50%&#8221; global_colors_info=&#8221;{}&#8221;][\/et_pb_image][\/et_pb_column][\/et_pb_row][et_pb_row column_structure=&#8221;1_3,1_3,1_3&#8243; _builder_version=&#8221;4.17.4&#8243; _module_preset=&#8221;default&#8221; max_width=&#8221;1300px&#8221; global_colors_info=&#8221;{}&#8221;][et_pb_column type=&#8221;1_3&#8243; _builder_version=&#8221;4.17.4&#8243; _module_preset=&#8221;default&#8221; global_colors_info=&#8221;{}&#8221;][et_pb_gallery gallery_ids=&#8221;574&#8243; posts_number=&#8221;1&#8243; show_title_and_caption=&#8221;off&#8221; _builder_version=&#8221;4.17.4&#8243; _module_preset=&#8221;default&#8221; transform_translate=&#8221;-75px|0px&#8221; transform_translate_linked=&#8221;off&#8221; width=&#8221;85%&#8221; module_alignment=&#8221;center&#8221; custom_padding=&#8221;|0px||||&#8221; global_colors_info=&#8221;{}&#8221;][\/et_pb_gallery][\/et_pb_column][et_pb_column type=&#8221;1_3&#8243; _builder_version=&#8221;4.17.4&#8243; _module_preset=&#8221;default&#8221; global_colors_info=&#8221;{}&#8221;][et_pb_gallery gallery_ids=&#8221;577&#8243; posts_number=&#8221;1&#8243; show_title_and_caption=&#8221;off&#8221; _builder_version=&#8221;4.17.4&#8243; _module_preset=&#8221;default&#8221; transform_translate_linked=&#8221;off&#8221; width=&#8221;85%&#8221; module_alignment=&#8221;center&#8221; custom_padding=&#8221;|0px||||&#8221; hover_enabled=&#8221;0&#8243; global_colors_info=&#8221;{}&#8221; transform_translate=&#8221;10px|0px&#8221; sticky_enabled=&#8221;0&#8243;][\/et_pb_gallery][\/et_pb_column][et_pb_column type=&#8221;1_3&#8243; _builder_version=&#8221;4.17.4&#8243; _module_preset=&#8221;default&#8221; global_colors_info=&#8221;{}&#8221;][et_pb_gallery gallery_ids=&#8221;580&#8243; posts_number=&#8221;1&#8243; show_title_and_caption=&#8221;off&#8221; _builder_version=&#8221;4.17.4&#8243; _module_preset=&#8221;default&#8221; transform_translate=&#8221;90px|0px&#8221; transform_translate_linked=&#8221;off&#8221; width=&#8221;85%&#8221; module_alignment=&#8221;center&#8221; custom_padding=&#8221;|0px||||&#8221; hover_enabled=&#8221;0&#8243; global_colors_info=&#8221;{}&#8221; sticky_enabled=&#8221;0&#8243;][\/et_pb_gallery][\/et_pb_column][\/et_pb_row][\/et_pb_section]<\/p>\n","protected":false},"excerpt":{"rendered":"<p>M\u00f3dulo 2. Procesado inicial de datos Unidad 2.2 An\u00e1lisis exploratorio de datos &nbsp; \u00bfQu\u00e9 son las tablas de frecuencias? Tablas de frecuencias para variables cualitativas nominales Tablas de frecuencias para variables cualitativas ordinales Tablas de frecuencias para variables cuantitativas Tablas de frecuencias para dos variables Tablas de frecuencias multivariantes Exportando tablas de frecuencia Introducci\u00f3n al [&hellip;]<\/p>\n","protected":false},"author":24713,"featured_media":0,"parent":0,"menu_order":0,"comment_status":"closed","ping_status":"closed","template":"","meta":{"_et_pb_use_builder":"on","_et_pb_old_content":"","_et_gb_content_width":"","ngg_post_thumbnail":0,"_links_to":"","_links_to_target":""},"_links":{"self":[{"href":"https:\/\/unidigitalsimustat.umh.es\/ca\/wp-json\/wp\/v2\/pages\/215"}],"collection":[{"href":"https:\/\/unidigitalsimustat.umh.es\/ca\/wp-json\/wp\/v2\/pages"}],"about":[{"href":"https:\/\/unidigitalsimustat.umh.es\/ca\/wp-json\/wp\/v2\/types\/page"}],"author":[{"embeddable":true,"href":"https:\/\/unidigitalsimustat.umh.es\/ca\/wp-json\/wp\/v2\/users\/24713"}],"replies":[{"embeddable":true,"href":"https:\/\/unidigitalsimustat.umh.es\/ca\/wp-json\/wp\/v2\/comments?post=215"}],"version-history":[{"count":0,"href":"https:\/\/unidigitalsimustat.umh.es\/ca\/wp-json\/wp\/v2\/pages\/215\/revisions"}],"wp:attachment":[{"href":"https:\/\/unidigitalsimustat.umh.es\/ca\/wp-json\/wp\/v2\/media?parent=215"}],"curies":[{"name":"wp","href":"https:\/\/api.w.org\/{rel}","templated":true}]}}