{"id":272,"date":"2023-05-09T08:48:45","date_gmt":"2023-05-09T06:48:45","guid":{"rendered":"https:\/\/unidigitalsimustat.umh.es\/?page_id=272"},"modified":"2023-11-02T10:40:07","modified_gmt":"2023-11-02T09:40:07","slug":"bases-de-la-inferencia-estadistica","status":"publish","type":"page","link":"https:\/\/unidigitalsimustat.umh.es\/ca\/bases-de-la-inferencia-estadistica\/","title":{"rendered":"<span lang=\"es\">(Espa\u00f1ol) Bases de la inferencia estad\u00edstica<\/span>"},"content":{"rendered":"<p>[et_pb_section fb_built=&#8221;1&#8243; _builder_version=&#8221;4.17.4&#8243; _module_preset=&#8221;default&#8221; global_colors_info=&#8221;{}&#8221;][et_pb_row column_structure=&#8221;1_5,3_5,1_5&#8243; _builder_version=&#8221;4.17.4&#8243; _module_preset=&#8221;default&#8221; global_colors_info=&#8221;{}&#8221;][et_pb_column type=&#8221;1_5&#8243; _builder_version=&#8221;4.17.4&#8243; _module_preset=&#8221;default&#8221; global_colors_info=&#8221;{}&#8221;][et_pb_button button_url=&#8221;https:\/\/unidigitalsimustat.umh.es\/distribuciones-de-probabilidad\/&#8221; button_text=&#8221;Unidad 3.2 Distribuciones de probabilidad&#8221; button_alignment=&#8221;center&#8221; _builder_version=&#8221;4.17.4&#8243; _module_preset=&#8221;default&#8221; custom_button=&#8221;on&#8221; button_text_size=&#8221;14px&#8221; button_text_color=&#8221;#bf4c00&#8243; button_bg_color=&#8221;#FFFFFF&#8221; button_border_color=&#8221;#bf5800&#8243; button_font=&#8221;Roboto||||||||&#8221; button_icon=&#8221;&#x48;||divi||400&#8243; button_icon_placement=&#8221;left&#8221; transform_scale_tablet=&#8221;&#8221; transform_scale_phone=&#8221;&#8221; transform_scale_last_edited=&#8221;on|desktop&#8221; transform_translate=&#8221;-92px|0px&#8221; transform_translate_tablet=&#8221;-21px|0px&#8221; transform_translate_phone=&#8221;-22px|0px&#8221; transform_translate_last_edited=&#8221;on|phone&#8221; transform_translate_linked=&#8221;off&#8221; transform_rotate_tablet=&#8221;&#8221; transform_rotate_phone=&#8221;&#8221; transform_rotate_last_edited=&#8221;on|desktop&#8221; transform_skew_tablet=&#8221;&#8221; transform_skew_phone=&#8221;&#8221; transform_skew_last_edited=&#8221;on|desktop&#8221; transform_origin_tablet=&#8221;&#8221; transform_origin_phone=&#8221;&#8221; transform_origin_last_edited=&#8221;on|desktop&#8221; transform_styles_last_edited=&#8221;on|phone&#8221; custom_margin=&#8221;|-50px|||false|false&#8221; transform_styles_tablet=&#8221;&#8221; transform_styles_phone=&#8221;&#8221; global_colors_info=&#8221;{}&#8221;][\/et_pb_button][\/et_pb_column][et_pb_column type=&#8221;3_5&#8243; _builder_version=&#8221;4.17.4&#8243; _module_preset=&#8221;default&#8221; global_colors_info=&#8221;{}&#8221;][et_pb_text _builder_version=&#8221;4.17.4&#8243; _module_preset=&#8221;default&#8221; text_font=&#8221;Signika||||||||&#8221; header_2_font_size=&#8221;22px&#8221; global_colors_info=&#8221;{}&#8221;]<\/p>\n<h1 style=\"text-align: center;\"><strong>M\u00f3dulo 4. Generalizaci\u00f3n de conclusiones<\/strong><\/h1>\n<p><strong><\/strong><\/p>\n<h2 style=\"text-align: center;\"><strong>Unidad 4.1 Bases de la inferencia estad\u00edstica<\/strong><\/h2>\n<p><strong>\u00a0<\/strong><\/p>\n<p>[\/et_pb_text][\/et_pb_column][et_pb_column type=&#8221;1_5&#8243; _builder_version=&#8221;4.17.4&#8243; _module_preset=&#8221;default&#8221; global_colors_info=&#8221;{}&#8221;][et_pb_button button_url=&#8221;https:\/\/unidigitalsimustat.umh.es\/analisis-de-datos-categoricos\/&#8221; button_text=&#8221;Unidad 4.2 An\u00e1lisis de datos categ\u00f3ricos&#8221; button_alignment=&#8221;center&#8221; _builder_version=&#8221;4.17.4&#8243; _module_preset=&#8221;default&#8221; custom_button=&#8221;on&#8221; button_text_size=&#8221;14px&#8221; button_text_color=&#8221;#bf4c00&#8243; button_bg_color=&#8221;#FFFFFF&#8221; button_border_color=&#8221;#bf5800&#8243; button_font=&#8221;Roboto||||||||&#8221; button_icon=&#8221;&#x49;||divi||400&#8243; transform_scale_tablet=&#8221;&#8221; transform_scale_phone=&#8221;&#8221; transform_scale_last_edited=&#8221;on|tablet&#8221; transform_translate=&#8221;41px|0px&#8221; transform_translate_tablet=&#8221;-20px|0px&#8221; transform_translate_phone=&#8221;-20px|0px&#8221; transform_translate_last_edited=&#8221;on|phone&#8221; transform_translate_linked=&#8221;off&#8221; transform_translate_linked_tablet=&#8221;off&#8221; transform_rotate_tablet=&#8221;&#8221; transform_rotate_phone=&#8221;&#8221; transform_rotate_last_edited=&#8221;on|tablet&#8221; transform_skew_tablet=&#8221;&#8221; transform_skew_phone=&#8221;&#8221; transform_skew_last_edited=&#8221;on|tablet&#8221; transform_origin_tablet=&#8221;&#8221; transform_origin_phone=&#8221;&#8221; transform_origin_last_edited=&#8221;on|tablet&#8221; transform_styles_last_edited=&#8221;on|phone&#8221; custom_margin=&#8221;|-50px|||false|false&#8221; transform_styles_tablet=&#8221;&#8221; transform_styles_phone=&#8221;&#8221; global_colors_info=&#8221;{}&#8221;][\/et_pb_button][\/et_pb_column][\/et_pb_row][et_pb_row column_structure=&#8221;1_3,1_3,1_3&#8243; _builder_version=&#8221;4.17.4&#8243; _module_preset=&#8221;default&#8221; width=&#8221;89%&#8221; max_width=&#8221;1543px&#8221; global_colors_info=&#8221;{}&#8221;][et_pb_column type=&#8221;1_3&#8243; _builder_version=&#8221;4.17.4&#8243; _module_preset=&#8221;default&#8221; global_colors_info=&#8221;{}&#8221;][et_pb_image src=&#8221;https:\/\/unidigitalsimustat.umh.es\/files\/2023\/05\/Enlace-a-cuaderno-330.png&#8221; title_text=&#8221;Enlace a cuaderno 330&#8243; url=&#8221;https:\/\/colab.research.google.com\/drive\/1N34r1Q3OT_8oYbb0-JP3XlTqFPKlRmQP&#8221; url_new_window=&#8221;on&#8221; _builder_version=&#8221;4.17.4&#8243; _module_preset=&#8221;default&#8221; width=&#8221;50%&#8221; module_alignment=&#8221;center&#8221; global_colors_info=&#8221;{}&#8221;][\/et_pb_image][et_pb_accordion _builder_version=&#8221;4.17.4&#8243; _module_preset=&#8221;default&#8221; toggle_font=&#8221;Signika||||||||&#8221; global_colors_info=&#8221;{}&#8221;][et_pb_accordion_item title=&#8221;Tema 330. Distribuci\u00f3n en el muestreo y procedimientos de estimaci\u00f3n puntual&#8221; open=&#8221;on&#8221; _builder_version=&#8221;4.17.4&#8243; _module_preset=&#8221;default&#8221; global_colors_info=&#8221;{}&#8221;]<\/p>\n<ol>\n<li><span style=\"color: #bf5800;\"><a href=\"https:\/\/colab.research.google.com\/drive\/1N34r1Q3OT_8oYbb0-JP3XlTqFPKlRmQP#scrollTo=SesRoXZfZ7q9\" target=\"_blank\" rel=\"noopener\" style=\"color: #bf5800;\">Teorema Central del L\u00edmite<\/a><\/span><\/li>\n<li><span style=\"color: #bf5800;\"><a href=\"https:\/\/colab.research.google.com\/drive\/1N34r1Q3OT_8oYbb0-JP3XlTqFPKlRmQP#scrollTo=b-cB4gxBJCzx\" target=\"_blank\" rel=\"noopener\" style=\"color: #bf5800;\">Media muestral<\/a><\/span><\/li>\n<li><span style=\"color: #bf5800;\"><a href=\"https:\/\/colab.research.google.com\/drive\/1N34r1Q3OT_8oYbb0-JP3XlTqFPKlRmQP#scrollTo=Dy-4PRSSkw20\" target=\"_blank\" rel=\"noopener\" style=\"color: #bf5800;\">Desviaci\u00f3n t\u00edpica desconocida en la poblaci\u00f3n<\/a><\/span><\/li>\n<li><span style=\"color: #bf5800;\"><a href=\"https:\/\/colab.research.google.com\/drive\/1N34r1Q3OT_8oYbb0-JP3XlTqFPKlRmQP#scrollTo=doZ03RxD0pRm\" target=\"_blank\" rel=\"noopener\" style=\"color: #bf5800;\">Proporci\u00f3n en las poblaciones<\/a><\/span><\/li>\n<\/ol>\n<p>[\/et_pb_accordion_item][\/et_pb_accordion][et_pb_image src=&#8221;https:\/\/unidigitalsimustat.umh.es\/files\/2023\/11\/Enlace-a-video-cuaderno-330.png&#8221; _builder_version=&#8221;4.17.4&#8243; _module_preset=&#8221;default&#8221; title_text=&#8221;Enlace a v\u00eddeo cuaderno 330&#8243; url=&#8221;https:\/\/www.youtube.com\/watch?v=nzqjVCmvE5A&#038;list=PLClKgnzRFYe7o6S0hodywIacTxEh3h9p3&#038;index=33&#8243; url_new_window=&#8221;on&#8221; align=&#8221;center&#8221; width=&#8221;50%&#8221; transform_translate_linked=&#8221;off&#8221; transform_translate=&#8221;0px|-25px&#8221; hover_enabled=&#8221;0&#8243; sticky_enabled=&#8221;0&#8243;][\/et_pb_image][\/et_pb_column][et_pb_column type=&#8221;1_3&#8243; _builder_version=&#8221;4.17.4&#8243; _module_preset=&#8221;default&#8221; global_colors_info=&#8221;{}&#8221;][et_pb_image src=&#8221;https:\/\/unidigitalsimustat.umh.es\/files\/2023\/05\/Enlace-a-cuaderno-340.png&#8221; title_text=&#8221;Enlace a cuaderno 340&#8243; url=&#8221;https:\/\/colab.research.google.com\/drive\/1E3ZnSADV8illRxGCETQRZ5WWA3Q30vQ-&#8221; url_new_window=&#8221;on&#8221; _builder_version=&#8221;4.17.4&#8243; _module_preset=&#8221;default&#8221; width=&#8221;50%&#8221; module_alignment=&#8221;center&#8221; custom_padding=&#8221;||||false|false&#8221; global_colors_info=&#8221;{}&#8221;][\/et_pb_image][et_pb_accordion _builder_version=&#8221;4.17.4&#8243; _module_preset=&#8221;default&#8221; toggle_font=&#8221;Signika||||||||&#8221; global_colors_info=&#8221;{}&#8221;][et_pb_accordion_item title=&#8221; Tema 340. Intervalos de confianza&#8221; open=&#8221;on&#8221; _builder_version=&#8221;4.17.4&#8243; _module_preset=&#8221;default&#8221; global_colors_info=&#8221;{}&#8221;]<\/p>\n<ol>\n<li><span style=\"color: #bf5800;\"><a href=\"https:\/\/colab.research.google.com\/drive\/1E3ZnSADV8illRxGCETQRZ5WWA3Q30vQ-#scrollTo=SesRoXZfZ7q9\" target=\"_blank\" rel=\"noopener\" style=\"color: #bf5800;\">\u00a0Los intervalos de confianza<\/a><\/span><\/li>\n<li><span style=\"color: #bf5800;\"><a href=\"https:\/\/colab.research.google.com\/drive\/1E3ZnSADV8illRxGCETQRZ5WWA3Q30vQ-#scrollTo=b-cB4gxBJCzx\" target=\"_blank\" rel=\"noopener\" style=\"color: #bf5800;\">Intervalos de confianza para el error de la media poblacional<\/a><\/span><\/li>\n<li><span style=\"color: #bf5800;\"><a href=\"https:\/\/colab.research.google.com\/drive\/1E3ZnSADV8illRxGCETQRZ5WWA3Q30vQ-#scrollTo=doZ03RxD0pRm\" target=\"_blank\" rel=\"noopener\" style=\"color: #bf5800;\">Intervalos de confianza unilaterales<\/a><\/span><span style=\"color: #bf5800;\"><\/span><span style=\"color: #bf5800;\"><\/span><\/li>\n<\/ol>\n<p><span style=\"color: #bf5800;\"><\/span><\/p>\n<p><span style=\"color: #bf5800;\"><\/span><\/p>\n<p><span style=\"color: #bf5800;\"><\/span><\/p>\n<p><span style=\"color: #bf5800;\"><\/span><\/p>\n<p>[\/et_pb_accordion_item][\/et_pb_accordion][et_pb_image src=&#8221;https:\/\/unidigitalsimustat.umh.es\/files\/2023\/11\/Enlace-a-video-cuaderno-340.png&#8221; _builder_version=&#8221;4.17.4&#8243; _module_preset=&#8221;default&#8221; title_text=&#8221;Enlace a v\u00eddeo cuaderno 340&#8243; url=&#8221;https:\/\/www.youtube.com\/watch?v=edwJ-wzYBJI&#038;list=PLClKgnzRFYe7o6S0hodywIacTxEh3h9p3&#038;index=34&#8243; url_new_window=&#8221;on&#8221; align=&#8221;center&#8221; width=&#8221;50%&#8221; transform_translate_linked=&#8221;off&#8221; transform_translate=&#8221;0px|-25px&#8221; hover_enabled=&#8221;0&#8243; sticky_enabled=&#8221;0&#8243;][\/et_pb_image][\/et_pb_column][et_pb_column type=&#8221;1_3&#8243; _builder_version=&#8221;4.17.4&#8243; _module_preset=&#8221;default&#8221; global_colors_info=&#8221;{}&#8221;][et_pb_image src=&#8221;https:\/\/unidigitalsimustat.umh.es\/files\/2023\/05\/Enlace-a-cuaderno-350.png&#8221; title_text=&#8221;Enlace a cuaderno 350&#8243; url=&#8221;https:\/\/colab.research.google.com\/drive\/1xNAIyqHz9Q737QBu40h46haeH8pDw-Q_&#8221; url_new_window=&#8221;on&#8221; _builder_version=&#8221;4.17.4&#8243; _module_preset=&#8221;default&#8221; width=&#8221;50%&#8221; module_alignment=&#8221;center&#8221; custom_padding=&#8221;||||false|false&#8221; global_colors_info=&#8221;{}&#8221;][\/et_pb_image][et_pb_accordion _builder_version=&#8221;4.17.4&#8243; _module_preset=&#8221;default&#8221; toggle_font=&#8221;Signika||||||||&#8221; hover_enabled=&#8221;0&#8243; global_colors_info=&#8221;{}&#8221; sticky_enabled=&#8221;0&#8243;][et_pb_accordion_item title=&#8221; Tema 350. Contrastes de hip\u00f3tesis&#8221; open=&#8221;on&#8221; _builder_version=&#8221;4.17.4&#8243; _module_preset=&#8221;default&#8221; global_colors_info=&#8221;{}&#8221;]<\/p>\n<ol>\n<li><span style=\"color: #bf5800;\"><a href=\"https:\/\/colab.research.google.com\/drive\/1xNAIyqHz9Q737QBu40h46haeH8pDw-Q_#scrollTo=SesRoXZfZ7q9\" target=\"_blank\" rel=\"noopener\" style=\"color: #bf5800;\">El contraste de hip\u00f3tesis y la significaci\u00f3n<\/a><\/span><\/li>\n<li><span style=\"color: #bf5800;\"><a href=\"https:\/\/colab.research.google.com\/drive\/1xNAIyqHz9Q737QBu40h46haeH8pDw-Q_#scrollTo=b-cB4gxBJCzx\" target=\"_blank\" rel=\"noopener\" style=\"color: #bf5800;\">Contraste de hip\u00f3tesis bilateral<\/a><\/span><\/li>\n<li><span style=\"color: #bf5800;\"><a href=\"https:\/\/colab.research.google.com\/drive\/1xNAIyqHz9Q737QBu40h46haeH8pDw-Q_#scrollTo=doZ03RxD0pRm\" target=\"_blank\" rel=\"noopener\" style=\"color: #bf5800;\">Contraste de hip\u00f3tesis unilateral<\/a><\/span><\/li>\n<li><span style=\"color: #bf5800;\"><a href=\"https:\/\/colab.research.google.com\/drive\/1xNAIyqHz9Q737QBu40h46haeH8pDw-Q_#scrollTo=bSeAgApMppkJ\" target=\"_blank\" rel=\"noopener\" style=\"color: #bf5800;\">Contrastes de normalidad<\/a><\/span><\/li>\n<\/ol>\n<p><span style=\"color: #bf5800;\"><\/span><\/p>\n<p><span style=\"color: #bf5800;\"><\/span><\/p>\n<p>[\/et_pb_accordion_item][\/et_pb_accordion][et_pb_image src=&#8221;https:\/\/unidigitalsimustat.umh.es\/files\/2023\/11\/Enlace-a-video-cuaderno-350-1.png&#8221; _builder_version=&#8221;4.17.4&#8243; _module_preset=&#8221;default&#8221; url=&#8221;https:\/\/www.youtube.com\/watch?v=MuVQkmrSMZM&#038;list=PLClKgnzRFYe7o6S0hodywIacTxEh3h9p3&#038;index=35&#8243; url_new_window=&#8221;on&#8221; align=&#8221;center&#8221; width=&#8221;50%&#8221; title_text=&#8221;Enlace a v\u00eddeo cuaderno 350&#8243; transform_translate_linked=&#8221;off&#8221; transform_translate=&#8221;0px|-25px&#8221; hover_enabled=&#8221;0&#8243; sticky_enabled=&#8221;0&#8243;][\/et_pb_image][\/et_pb_column][\/et_pb_row][et_pb_row column_structure=&#8221;1_3,1_3,1_3&#8243; _builder_version=&#8221;4.17.4&#8243; _module_preset=&#8221;default&#8221; max_width=&#8221;1300px&#8221; global_colors_info=&#8221;{}&#8221; theme_builder_area=&#8221;post_content&#8221;][et_pb_column type=&#8221;1_3&#8243; _builder_version=&#8221;4.17.4&#8243; _module_preset=&#8221;default&#8221; global_colors_info=&#8221;{}&#8221; theme_builder_area=&#8221;post_content&#8221;][et_pb_gallery gallery_ids=&#8221;818&#8243; posts_number=&#8221;1&#8243; show_title_and_caption=&#8221;off&#8221; _builder_version=&#8221;4.17.4&#8243; _module_preset=&#8221;default&#8221; transform_translate=&#8221;-75px|0px&#8221; transform_translate_linked=&#8221;off&#8221; width=&#8221;85%&#8221; module_alignment=&#8221;center&#8221; custom_padding=&#8221;|0px||||&#8221; hover_enabled=&#8221;0&#8243; global_colors_info=&#8221;{}&#8221; theme_builder_area=&#8221;post_content&#8221; sticky_enabled=&#8221;0&#8243;][\/et_pb_gallery][\/et_pb_column][et_pb_column type=&#8221;1_3&#8243; _builder_version=&#8221;4.17.4&#8243; _module_preset=&#8221;default&#8221; global_colors_info=&#8221;{}&#8221; theme_builder_area=&#8221;post_content&#8221;][et_pb_gallery gallery_ids=&#8221;821,824&#8243; posts_number=&#8221;1&#8243; show_title_and_caption=&#8221;off&#8221; _builder_version=&#8221;4.17.4&#8243; _module_preset=&#8221;default&#8221; transform_translate_linked=&#8221;off&#8221; width=&#8221;85%&#8221; module_alignment=&#8221;center&#8221; custom_padding=&#8221;|0px||||&#8221; hover_enabled=&#8221;0&#8243; global_colors_info=&#8221;{}&#8221; theme_builder_area=&#8221;post_content&#8221; sticky_enabled=&#8221;0&#8243;][\/et_pb_gallery][\/et_pb_column][et_pb_column type=&#8221;1_3&#8243; _builder_version=&#8221;4.17.4&#8243; _module_preset=&#8221;default&#8221; global_colors_info=&#8221;{}&#8221; theme_builder_area=&#8221;post_content&#8221;][et_pb_gallery gallery_ids=&#8221;827,830&#8243; posts_number=&#8221;1&#8243; show_title_and_caption=&#8221;off&#8221; _builder_version=&#8221;4.17.4&#8243; _module_preset=&#8221;default&#8221; transform_translate=&#8221;100px|0px&#8221; transform_translate_linked=&#8221;off&#8221; width=&#8221;85%&#8221; module_alignment=&#8221;center&#8221; custom_padding=&#8221;|0px||||&#8221; hover_enabled=&#8221;0&#8243; global_colors_info=&#8221;{}&#8221; theme_builder_area=&#8221;post_content&#8221; sticky_enabled=&#8221;0&#8243;][\/et_pb_gallery][\/et_pb_column][\/et_pb_row][\/et_pb_section]<\/p>\n","protected":false},"excerpt":{"rendered":"<p>M\u00f3dulo 4. Generalizaci\u00f3n de conclusiones Unidad 4.1 Bases de la inferencia estad\u00edstica \u00a0 Teorema Central del L\u00edmite Media muestral Desviaci\u00f3n t\u00edpica desconocida en la poblaci\u00f3n Proporci\u00f3n en las poblaciones \u00a0Los intervalos de confianza Intervalos de confianza para el error de la media poblacional Intervalos de confianza unilaterales El contraste de hip\u00f3tesis y la significaci\u00f3n Contraste [&hellip;]<\/p>\n","protected":false},"author":24713,"featured_media":0,"parent":0,"menu_order":0,"comment_status":"closed","ping_status":"closed","template":"","meta":{"_et_pb_use_builder":"on","_et_pb_old_content":"","_et_gb_content_width":"","ngg_post_thumbnail":0,"_links_to":"","_links_to_target":""},"_links":{"self":[{"href":"https:\/\/unidigitalsimustat.umh.es\/ca\/wp-json\/wp\/v2\/pages\/272"}],"collection":[{"href":"https:\/\/unidigitalsimustat.umh.es\/ca\/wp-json\/wp\/v2\/pages"}],"about":[{"href":"https:\/\/unidigitalsimustat.umh.es\/ca\/wp-json\/wp\/v2\/types\/page"}],"author":[{"embeddable":true,"href":"https:\/\/unidigitalsimustat.umh.es\/ca\/wp-json\/wp\/v2\/users\/24713"}],"replies":[{"embeddable":true,"href":"https:\/\/unidigitalsimustat.umh.es\/ca\/wp-json\/wp\/v2\/comments?post=272"}],"version-history":[{"count":0,"href":"https:\/\/unidigitalsimustat.umh.es\/ca\/wp-json\/wp\/v2\/pages\/272\/revisions"}],"wp:attachment":[{"href":"https:\/\/unidigitalsimustat.umh.es\/ca\/wp-json\/wp\/v2\/media?parent=272"}],"curies":[{"name":"wp","href":"https:\/\/api.w.org\/{rel}","templated":true}]}}