{"id":290,"date":"2023-05-09T08:52:47","date_gmt":"2023-05-09T06:52:47","guid":{"rendered":"https:\/\/unidigitalsimustat.umh.es\/?page_id=290"},"modified":"2023-11-02T10:49:52","modified_gmt":"2023-11-02T09:49:52","slug":"analisis-de-datos-cuantitativos","status":"publish","type":"page","link":"https:\/\/unidigitalsimustat.umh.es\/ca\/analisis-de-datos-cuantitativos\/","title":{"rendered":"<span lang=\"es\">(Espa\u00f1ol) An\u00e1lisis de datos cuantitativos<\/span>"},"content":{"rendered":"<p>[et_pb_section fb_built=&#8221;1&#8243; _builder_version=&#8221;4.17.4&#8243; _module_preset=&#8221;default&#8221; global_colors_info=&#8221;{}&#8221;][et_pb_row column_structure=&#8221;1_5,3_5,1_5&#8243; _builder_version=&#8221;4.17.4&#8243; _module_preset=&#8221;default&#8221; global_colors_info=&#8221;{}&#8221;][et_pb_column type=&#8221;1_5&#8243; _builder_version=&#8221;4.17.4&#8243; _module_preset=&#8221;default&#8221; global_colors_info=&#8221;{}&#8221;][et_pb_button button_url=&#8221;https:\/\/unidigitalsimustat.umh.es\/analisis-de-datos-categoricos\/&#8221; button_text=&#8221;Unidad 4.2 An\u00e1lisis de datos categ\u00f3ricos&#8221; button_alignment=&#8221;center&#8221; _builder_version=&#8221;4.17.4&#8243; _module_preset=&#8221;default&#8221; custom_button=&#8221;on&#8221; button_text_size=&#8221;14px&#8221; button_text_color=&#8221;#bf4c00&#8243; button_bg_color=&#8221;#FFFFFF&#8221; button_border_color=&#8221;#bf5800&#8243; button_font=&#8221;Roboto||||||||&#8221; button_icon=&#8221;&#x48;||divi||400&#8243; button_icon_placement=&#8221;left&#8221; transform_scale_tablet=&#8221;&#8221; transform_scale_phone=&#8221;&#8221; transform_scale_last_edited=&#8221;on|desktop&#8221; transform_translate=&#8221;-92px|0px&#8221; transform_translate_tablet=&#8221;-21px|0px&#8221; transform_translate_phone=&#8221;-22px|0px&#8221; transform_translate_last_edited=&#8221;on|phone&#8221; transform_translate_linked=&#8221;off&#8221; transform_rotate_tablet=&#8221;&#8221; transform_rotate_phone=&#8221;&#8221; transform_rotate_last_edited=&#8221;on|desktop&#8221; transform_skew_tablet=&#8221;&#8221; transform_skew_phone=&#8221;&#8221; transform_skew_last_edited=&#8221;on|desktop&#8221; transform_origin_tablet=&#8221;&#8221; transform_origin_phone=&#8221;&#8221; transform_origin_last_edited=&#8221;on|desktop&#8221; transform_styles_last_edited=&#8221;on|phone&#8221; custom_margin=&#8221;|-50px|||false|false&#8221; transform_styles_tablet=&#8221;&#8221; transform_styles_phone=&#8221;&#8221; global_colors_info=&#8221;{}&#8221;][\/et_pb_button][\/et_pb_column][et_pb_column type=&#8221;3_5&#8243; _builder_version=&#8221;4.17.4&#8243; _module_preset=&#8221;default&#8221; global_colors_info=&#8221;{}&#8221;][et_pb_text _builder_version=&#8221;4.17.4&#8243; _module_preset=&#8221;default&#8221; text_font=&#8221;Signika||||||||&#8221; header_2_font_size=&#8221;22px&#8221; global_colors_info=&#8221;{}&#8221;]<\/p>\n<h1 style=\"text-align: center;\"><strong>M\u00f3dulo 4. Generalizaci\u00f3n de conclusiones<\/strong><\/h1>\n<p><strong><\/strong><\/p>\n<h2 style=\"text-align: center;\"><strong>Unidad 4.3 An\u00e1lisis de datos cuantitativos<\/strong><\/h2>\n<p>&nbsp;<\/p>\n<p>[\/et_pb_text][\/et_pb_column][et_pb_column type=&#8221;1_5&#8243; _builder_version=&#8221;4.17.4&#8243; _module_preset=&#8221;default&#8221; global_colors_info=&#8221;{}&#8221;][et_pb_button button_url=&#8221;https:\/\/unidigitalsimustat.umh.es\/modelos-lineales\/&#8221; button_text=&#8221;Unidad 4.4 Modelos lineales&#8221; button_alignment=&#8221;center&#8221; _builder_version=&#8221;4.17.4&#8243; _module_preset=&#8221;default&#8221; custom_button=&#8221;on&#8221; button_text_size=&#8221;14px&#8221; button_text_color=&#8221;#bf4c00&#8243; button_bg_color=&#8221;#FFFFFF&#8221; button_border_color=&#8221;#bf5800&#8243; button_font=&#8221;Roboto||||||||&#8221; button_icon=&#8221;&#x49;||divi||400&#8243; transform_scale_tablet=&#8221;&#8221; transform_scale_phone=&#8221;&#8221; transform_scale_last_edited=&#8221;on|tablet&#8221; transform_translate=&#8221;41px|0px&#8221; transform_translate_tablet=&#8221;-20px|0px&#8221; transform_translate_phone=&#8221;-20px|0px&#8221; transform_translate_last_edited=&#8221;on|phone&#8221; transform_translate_linked=&#8221;off&#8221; transform_translate_linked_tablet=&#8221;off&#8221; transform_rotate_tablet=&#8221;&#8221; transform_rotate_phone=&#8221;&#8221; transform_rotate_last_edited=&#8221;on|tablet&#8221; transform_skew_tablet=&#8221;&#8221; transform_skew_phone=&#8221;&#8221; transform_skew_last_edited=&#8221;on|tablet&#8221; transform_origin_tablet=&#8221;&#8221; transform_origin_phone=&#8221;&#8221; transform_origin_last_edited=&#8221;on|tablet&#8221; transform_styles_last_edited=&#8221;on|phone&#8221; custom_margin=&#8221;|-50px|||false|false&#8221; transform_styles_tablet=&#8221;&#8221; transform_styles_phone=&#8221;&#8221; global_colors_info=&#8221;{}&#8221;][\/et_pb_button][\/et_pb_column][\/et_pb_row][et_pb_row column_structure=&#8221;1_4,1_4,1_4,1_4&#8243; _builder_version=&#8221;4.17.4&#8243; _module_preset=&#8221;default&#8221; width=&#8221;89%&#8221; max_width=&#8221;1543px&#8221; global_colors_info=&#8221;{}&#8221;][et_pb_column type=&#8221;1_4&#8243; _builder_version=&#8221;4.17.4&#8243; _module_preset=&#8221;default&#8221; global_colors_info=&#8221;{}&#8221;][et_pb_image src=&#8221;https:\/\/unidigitalsimustat.umh.es\/files\/2023\/05\/Enlace-a-cuaderno-390.png&#8221; title_text=&#8221;Enlace a cuaderno 390&#8243; url=&#8221;https:\/\/colab.research.google.com\/drive\/1R4EMXLhHqQMuq9OxEzunVhHCPrcKFxkR&#8221; url_new_window=&#8221;on&#8221; align=&#8221;center&#8221; _builder_version=&#8221;4.17.4&#8243; _module_preset=&#8221;default&#8221; width=&#8221;65%&#8221; custom_padding=&#8221;24px||||false|false&#8221; global_colors_info=&#8221;{}&#8221;][\/et_pb_image][et_pb_accordion _builder_version=&#8221;4.17.4&#8243; _module_preset=&#8221;default&#8221; toggle_font=&#8221;Signika||||||||&#8221; custom_padding=&#8221;||54px||false|false&#8221; global_colors_info=&#8221;{}&#8221;][et_pb_accordion_item title=&#8221;Tema 390. Inferencia de una media poblacional&#8221; open=&#8221;on&#8221; _builder_version=&#8221;4.17.4&#8243; _module_preset=&#8221;default&#8221; global_colors_info=&#8221;{}&#8221;]<\/p>\n<ol>\n<li><span style=\"color: #ce5301;\"><a href=\"https:\/\/colab.research.google.com\/drive\/1R4EMXLhHqQMuq9OxEzunVhHCPrcKFxkR#scrollTo=SesRoXZfZ7q9\" target=\"_blank\" rel=\"noopener\" style=\"color: #ce5301;\">Inferencia sobre medias<\/a><\/span><\/li>\n<li><span style=\"color: #ce5301;\"><a href=\"https:\/\/colab.research.google.com\/drive\/1R4EMXLhHqQMuq9OxEzunVhHCPrcKFxkR#scrollTo=b-cB4gxBJCzx\" target=\"_blank\" rel=\"noopener\" style=\"color: #ce5301;\">Intervalos de confianza para una media poblacional<\/a><\/span><\/li>\n<li><span style=\"color: #ce5301;\"><a href=\"https:\/\/colab.research.google.com\/drive\/1R4EMXLhHqQMuq9OxEzunVhHCPrcKFxkR#scrollTo=doZ03RxD0pRm\" target=\"_blank\" rel=\"noopener\" style=\"color: #ce5301;\">Contraste de hip\u00f3tesis para una media poblacional<\/a><\/span><\/li>\n<li><span style=\"color: #ce5301;\"><a href=\"https:\/\/colab.research.google.com\/drive\/1R4EMXLhHqQMuq9OxEzunVhHCPrcKFxkR#scrollTo=g8m5PLEd0DPL\" target=\"_blank\" rel=\"noopener\" style=\"color: #ce5301;\">Inferencia sobre una varianza poblacional<\/a><\/span><\/li>\n<li><span style=\"color: #ce5301;\"><a href=\"https:\/\/colab.research.google.com\/drive\/1R4EMXLhHqQMuq9OxEzunVhHCPrcKFxkR#scrollTo=aY33Cxwpljvi\" target=\"_blank\" rel=\"noopener\" style=\"color: #ce5301;\">Funci\u00f3n para realizar la inferencia de una media y una varianza poblacional<\/a><\/span><\/li>\n<\/ol>\n<p>[\/et_pb_accordion_item][\/et_pb_accordion][et_pb_image src=&#8221;https:\/\/unidigitalsimustat.umh.es\/files\/2023\/11\/Enlace-a-video-cuaderno-390-1.png&#8221; _builder_version=&#8221;4.17.4&#8243; _module_preset=&#8221;default&#8221; title_text=&#8221;Enlace a v\u00eddeo cuaderno 390&#8243; url=&#8221;https:\/\/www.youtube.com\/watch?v=obewsXNVx8M&#038;list=PLClKgnzRFYe7o6S0hodywIacTxEh3h9p3&#038;index=39&#8243; url_new_window=&#8221;on&#8221; align=&#8221;center&#8221; width=&#8221;50%&#8221; transform_translate_linked=&#8221;off&#8221; transform_translate=&#8221;0px|-25px&#8221; hover_enabled=&#8221;0&#8243; sticky_enabled=&#8221;0&#8243;][\/et_pb_image][\/et_pb_column][et_pb_column type=&#8221;1_4&#8243; _builder_version=&#8221;4.17.4&#8243; _module_preset=&#8221;default&#8221; global_colors_info=&#8221;{}&#8221;][et_pb_image src=&#8221;https:\/\/unidigitalsimustat.umh.es\/files\/2023\/05\/Enlace-a-cuaderno-400.png&#8221; title_text=&#8221;Enlace a cuaderno 400&#8243; url=&#8221;https:\/\/colab.research.google.com\/drive\/1URRViPWC_adC8BGr6Kn_Z8fjV4UGjgcA&#8221; url_new_window=&#8221;on&#8221; align=&#8221;center&#8221; _builder_version=&#8221;4.17.4&#8243; _module_preset=&#8221;default&#8221; width=&#8221;65%&#8221; module_alignment=&#8221;center&#8221; custom_padding=&#8221;24px||||false|false&#8221; global_colors_info=&#8221;{}&#8221;][\/et_pb_image][et_pb_accordion _builder_version=&#8221;4.17.4&#8243; _module_preset=&#8221;default&#8221; toggle_font=&#8221;Signika||||||||&#8221; global_colors_info=&#8221;{}&#8221;][et_pb_accordion_item title=&#8221;Tema 400. Contraste de una media poblacional&#8221; open=&#8221;on&#8221; _builder_version=&#8221;4.17.4&#8243; _module_preset=&#8221;default&#8221; global_colors_info=&#8221;{}&#8221;]<\/p>\n<ol>\n<li><span style=\"color: #ce5301;\"><a href=\"https:\/\/colab.research.google.com\/drive\/1URRViPWC_adC8BGr6Kn_Z8fjV4UGjgcA#scrollTo=SesRoXZfZ7q9\" target=\"_blank\" rel=\"noopener\" style=\"color: #ce5301;\">Introducci\u00f3n a la comparaci\u00f3n de medias<\/a><\/span><\/li>\n<li><span style=\"color: #ce5301;\"><a href=\"https:\/\/colab.research.google.com\/drive\/1URRViPWC_adC8BGr6Kn_Z8fjV4UGjgcA#scrollTo=b-cB4gxBJCzx\" target=\"_blank\" rel=\"noopener\" style=\"color: #ce5301;\">Contraste de igualdad de varianzas<\/a><\/span><\/li>\n<li><span style=\"color: #ce5301;\"><a href=\"https:\/\/colab.research.google.com\/drive\/1URRViPWC_adC8BGr6Kn_Z8fjV4UGjgcA#scrollTo=doZ03RxD0pRm\" target=\"_blank\" rel=\"noopener\" style=\"color: #ce5301;\">Contraste de medias con varianzas iguales<\/a><\/span><\/li>\n<li><span style=\"color: #ce5301;\"><a href=\"https:\/\/colab.research.google.com\/drive\/1URRViPWC_adC8BGr6Kn_Z8fjV4UGjgcA#scrollTo=g8m5PLEd0DPL\" target=\"_blank\" rel=\"noopener\" style=\"color: #ce5301;\">Contraste de medias con varianzas diferentes<\/a><\/span><\/li>\n<li><span style=\"color: #ce5301;\"><a href=\"https:\/\/colab.research.google.com\/drive\/1URRViPWC_adC8BGr6Kn_Z8fjV4UGjgcA#scrollTo=aY33Cxwpljvi\" target=\"_blank\" rel=\"noopener\" style=\"color: #ce5301;\">Funci\u00f3n para realizar la inferencia de dos medias poblacionales<\/a><\/span><\/li>\n<li><span style=\"color: #ce5301;\"><a href=\"https:\/\/colab.research.google.com\/drive\/1URRViPWC_adC8BGr6Kn_Z8fjV4UGjgcA#scrollTo=i07CKhAD983y\" target=\"_blank\" rel=\"noopener\" style=\"color: #ce5301;\">Contraste de medias para dos muestras relacionadas<\/a><\/span><\/li>\n<\/ol>\n<p>[\/et_pb_accordion_item][\/et_pb_accordion][et_pb_image src=&#8221;https:\/\/unidigitalsimustat.umh.es\/files\/2023\/11\/Enlace-a-video-cuaderno-400-1.png&#8221; _builder_version=&#8221;4.17.4&#8243; _module_preset=&#8221;default&#8221; title_text=&#8221;Enlace a v\u00eddeo cuaderno 400&#8243; url=&#8221;https:\/\/www.youtube.com\/watch?v=y-ILteSOzKA&#038;list=PLClKgnzRFYe7o6S0hodywIacTxEh3h9p3&#038;index=40&#8243; url_new_window=&#8221;on&#8221; align=&#8221;center&#8221; width=&#8221;50%&#8221; transform_translate_linked=&#8221;off&#8221; transform_translate=&#8221;0px|-25px&#8221; hover_enabled=&#8221;0&#8243; sticky_enabled=&#8221;0&#8243;][\/et_pb_image][\/et_pb_column][et_pb_column type=&#8221;1_4&#8243; _builder_version=&#8221;4.17.4&#8243; _module_preset=&#8221;default&#8221; global_colors_info=&#8221;{}&#8221;][et_pb_image src=&#8221;https:\/\/unidigitalsimustat.umh.es\/files\/2023\/05\/Enlace-a-cuaderno-410.png&#8221; title_text=&#8221;Enlace a cuaderno 410&#8243; url=&#8221;https:\/\/colab.research.google.com\/drive\/1hIecxDRGXpjn11UQhI6Fou-cZyzPfjwB&#8221; url_new_window=&#8221;on&#8221; align=&#8221;center&#8221; _builder_version=&#8221;4.17.4&#8243; _module_preset=&#8221;default&#8221; width=&#8221;65%&#8221; module_alignment=&#8221;center&#8221; custom_padding=&#8221;24px||||false|false&#8221; global_colors_info=&#8221;{}&#8221;][\/et_pb_image][et_pb_accordion _builder_version=&#8221;4.17.4&#8243; _module_preset=&#8221;default&#8221; toggle_font=&#8221;Signika||||||||&#8221; custom_padding=&#8221;||182px||false|false&#8221; global_colors_info=&#8221;{}&#8221;][et_pb_accordion_item title=&#8221;Tema 410. Comparaci\u00f3n de k medias&#8221; open=&#8221;on&#8221; _builder_version=&#8221;4.17.4&#8243; _module_preset=&#8221;default&#8221; global_colors_info=&#8221;{}&#8221;]<\/p>\n<ol>\n<li><span style=\"color: #ce5301;\"><a href=\"https:\/\/colab.research.google.com\/drive\/1hIecxDRGXpjn11UQhI6Fou-cZyzPfjwB#scrollTo=SesRoXZfZ7q9\" target=\"_blank\" rel=\"noopener\" style=\"color: #ce5301;\">Introducci\u00f3n a la comparaci\u00f3n de k medias<\/a><\/span><\/li>\n<li><span style=\"color: #ce5301;\"><a href=\"https:\/\/colab.research.google.com\/drive\/1hIecxDRGXpjn11UQhI6Fou-cZyzPfjwB#scrollTo=b-cB4gxBJCzx\" target=\"_blank\" rel=\"noopener\" style=\"color: #ce5301;\">An\u00e1lisis de la varianza unidireccional<\/a><\/span><\/li>\n<li><span style=\"color: #ce5301;\"><a href=\"https:\/\/colab.research.google.com\/drive\/1hIecxDRGXpjn11UQhI6Fou-cZyzPfjwB#scrollTo=doZ03RxD0pRm\" target=\"_blank\" rel=\"noopener\" style=\"color: #ce5301;\">Test de Tukey<\/a><\/span><\/li>\n<\/ol>\n<p>[\/et_pb_accordion_item][\/et_pb_accordion][et_pb_image src=&#8221;https:\/\/unidigitalsimustat.umh.es\/files\/2023\/11\/Enlace-a-video-cuaderno-410-1.png&#8221; _builder_version=&#8221;4.17.4&#8243; _module_preset=&#8221;default&#8221; title_text=&#8221;Enlace a v\u00eddeo cuaderno 410&#8243; url=&#8221;https:\/\/www.youtube.com\/watch?v=s2VMcryFUJk&#038;list=PLClKgnzRFYe7o6S0hodywIacTxEh3h9p3&#038;index=41&#8243; url_new_window=&#8221;on&#8221; align=&#8221;center&#8221; width=&#8221;50%&#8221; transform_translate_linked=&#8221;off&#8221; transform_translate=&#8221;0px|-25px&#8221; hover_enabled=&#8221;0&#8243; sticky_enabled=&#8221;0&#8243;][\/et_pb_image][\/et_pb_column][et_pb_column type=&#8221;1_4&#8243; _builder_version=&#8221;4.17.4&#8243; _module_preset=&#8221;default&#8221; global_colors_info=&#8221;{}&#8221;][et_pb_image src=&#8221;https:\/\/unidigitalsimustat.umh.es\/files\/2023\/05\/Enlace-a-cuaderno-420.png&#8221; title_text=&#8221;Enlace a cuaderno 420&#8243; url=&#8221;https:\/\/colab.research.google.com\/drive\/1c_U5v22pfchOaKiP20cVDbfdT7WYIMaI&#8221; url_new_window=&#8221;on&#8221; align=&#8221;center&#8221; _builder_version=&#8221;4.17.4&#8243; _module_preset=&#8221;default&#8221; width=&#8221;65%&#8221; module_alignment=&#8221;center&#8221; custom_padding=&#8221;24px||||false|false&#8221; global_colors_info=&#8221;{}&#8221;][\/et_pb_image][et_pb_accordion _builder_version=&#8221;4.17.4&#8243; _module_preset=&#8221;default&#8221; toggle_font=&#8221;Signika||||||||&#8221; custom_padding=&#8221;||197px||false|false&#8221; global_colors_info=&#8221;{}&#8221;][et_pb_accordion_item title=&#8221;Tema 420. Test no param\u00e9tricos&#8221; open=&#8221;on&#8221; _builder_version=&#8221;4.17.4&#8243; _module_preset=&#8221;default&#8221; global_colors_info=&#8221;{}&#8221;]<\/p>\n<ol>\n<li><span style=\"color: #ce5301;\"><a href=\"https:\/\/colab.research.google.com\/drive\/1c_U5v22pfchOaKiP20cVDbfdT7WYIMaI#scrollTo=SesRoXZfZ7q9\" target=\"_blank\" rel=\"noopener\" style=\"color: #ce5301;\">Introducci\u00f3n a los test no param\u00e9tricos<\/a><\/span><\/li>\n<li><span style=\"color: #ce5301;\"><a href=\"https:\/\/colab.research.google.com\/drive\/1c_U5v22pfchOaKiP20cVDbfdT7WYIMaI#scrollTo=b-cB4gxBJCzx\" target=\"_blank\" rel=\"noopener\" style=\"color: #ce5301;\">Inferencia de una media poblacional<\/a><\/span><\/li>\n<li><span style=\"color: #ce5301;\"><a href=\"https:\/\/colab.research.google.com\/drive\/1c_U5v22pfchOaKiP20cVDbfdT7WYIMaI#scrollTo=doZ03RxD0pRm\" target=\"_blank\" rel=\"noopener\" style=\"color: #ce5301;\">Contraste de dos medias poblacionales<\/a><\/span><\/li>\n<li><span style=\"color: #ce5301;\"><a href=\"https:\/\/colab.research.google.com\/drive\/1c_U5v22pfchOaKiP20cVDbfdT7WYIMaI#scrollTo=ANxVpjpfTU9x\" target=\"_blank\" rel=\"noopener\" style=\"color: #ce5301;\">Contraste de k medias<\/a><\/span><\/li>\n<\/ol>\n<p>[\/et_pb_accordion_item][\/et_pb_accordion][et_pb_image src=&#8221;https:\/\/unidigitalsimustat.umh.es\/files\/2023\/11\/Enlace-a-video-cuaderno-420-1.png&#8221; _builder_version=&#8221;4.17.4&#8243; _module_preset=&#8221;default&#8221; title_text=&#8221;Enlace a v\u00eddeo cuaderno 420&#8243; url=&#8221;https:\/\/www.youtube.com\/watch?v=2udinfng0v8&#038;list=PLClKgnzRFYe7o6S0hodywIacTxEh3h9p3&#038;index=42&#8243; url_new_window=&#8221;on&#8221; align=&#8221;center&#8221; width=&#8221;50%&#8221; transform_translate_linked=&#8221;off&#8221; transform_translate=&#8221;0px|-25px&#8221; hover_enabled=&#8221;0&#8243; sticky_enabled=&#8221;0&#8243;][\/et_pb_image][\/et_pb_column][\/et_pb_row][et_pb_row column_structure=&#8221;1_4,1_4,1_4,1_4&#8243; _builder_version=&#8221;4.17.4&#8243; _module_preset=&#8221;default&#8221; max_width=&#8221;1300px&#8221; global_colors_info=&#8221;{}&#8221; theme_builder_area=&#8221;post_content&#8221;][et_pb_column type=&#8221;1_4&#8243; _builder_version=&#8221;4.17.4&#8243; _module_preset=&#8221;default&#8221; global_colors_info=&#8221;{}&#8221; theme_builder_area=&#8221;post_content&#8221;][et_pb_gallery gallery_ids=&#8221;842,845&#8243; posts_number=&#8221;1&#8243; show_title_and_caption=&#8221;off&#8221; _builder_version=&#8221;4.17.4&#8243; _module_preset=&#8221;default&#8221; transform_translate=&#8221;-100px|0px&#8221; transform_translate_linked=&#8221;off&#8221; width=&#8221;85%&#8221; module_alignment=&#8221;center&#8221; custom_padding=&#8221;|0px||||&#8221; hover_enabled=&#8221;0&#8243; global_colors_info=&#8221;{}&#8221; theme_builder_area=&#8221;post_content&#8221; sticky_enabled=&#8221;0&#8243;][\/et_pb_gallery][\/et_pb_column][et_pb_column type=&#8221;1_4&#8243; _builder_version=&#8221;4.17.4&#8243; _module_preset=&#8221;default&#8221; global_colors_info=&#8221;{}&#8221; theme_builder_area=&#8221;post_content&#8221;][et_pb_gallery gallery_ids=&#8221;848,851,857&#8243; posts_number=&#8221;1&#8243; show_title_and_caption=&#8221;off&#8221; _builder_version=&#8221;4.17.4&#8243; _module_preset=&#8221;default&#8221; transform_translate=&#8221;-30px|0px&#8221; transform_translate_linked=&#8221;off&#8221; width=&#8221;85%&#8221; module_alignment=&#8221;center&#8221; custom_padding=&#8221;|0px||||&#8221; hover_enabled=&#8221;0&#8243; global_colors_info=&#8221;{}&#8221; theme_builder_area=&#8221;post_content&#8221; sticky_enabled=&#8221;0&#8243;][\/et_pb_gallery][\/et_pb_column][et_pb_column type=&#8221;1_4&#8243; _builder_version=&#8221;4.17.4&#8243; _module_preset=&#8221;default&#8221; global_colors_info=&#8221;{}&#8221; theme_builder_area=&#8221;post_content&#8221;][et_pb_gallery gallery_ids=&#8221;860&#8243; posts_number=&#8221;1&#8243; show_title_and_caption=&#8221;off&#8221; _builder_version=&#8221;4.17.4&#8243; _module_preset=&#8221;default&#8221; transform_translate=&#8221;35px|0px&#8221; transform_translate_linked=&#8221;off&#8221; width=&#8221;85%&#8221; module_alignment=&#8221;center&#8221; custom_padding=&#8221;|0px||||&#8221; hover_enabled=&#8221;0&#8243; global_colors_info=&#8221;{}&#8221; theme_builder_area=&#8221;post_content&#8221; sticky_enabled=&#8221;0&#8243;][\/et_pb_gallery][\/et_pb_column][et_pb_column type=&#8221;1_4&#8243; _builder_version=&#8221;4.17.4&#8243; _module_preset=&#8221;default&#8221; global_colors_info=&#8221;{}&#8221; theme_builder_area=&#8221;post_content&#8221;][et_pb_gallery gallery_ids=&#8221;863,866&#8243; posts_number=&#8221;1&#8243; show_title_and_caption=&#8221;off&#8221; _builder_version=&#8221;4.17.4&#8243; _module_preset=&#8221;default&#8221; transform_translate=&#8221;95px|0px&#8221; transform_translate_linked=&#8221;off&#8221; width=&#8221;85%&#8221; module_alignment=&#8221;center&#8221; custom_padding=&#8221;|0px||||&#8221; hover_enabled=&#8221;0&#8243; global_colors_info=&#8221;{}&#8221; theme_builder_area=&#8221;post_content&#8221; sticky_enabled=&#8221;0&#8243;][\/et_pb_gallery][\/et_pb_column][\/et_pb_row][\/et_pb_section]<\/p>\n","protected":false},"excerpt":{"rendered":"<p>M\u00f3dulo 4. Generalizaci\u00f3n de conclusiones Unidad 4.3 An\u00e1lisis de datos cuantitativos &nbsp; Inferencia sobre medias Intervalos de confianza para una media poblacional Contraste de hip\u00f3tesis para una media poblacional Inferencia sobre una varianza poblacional Funci\u00f3n para realizar la inferencia de una media y una varianza poblacional Introducci\u00f3n a la comparaci\u00f3n de medias Contraste de igualdad [&hellip;]<\/p>\n","protected":false},"author":24713,"featured_media":0,"parent":0,"menu_order":0,"comment_status":"closed","ping_status":"closed","template":"","meta":{"_et_pb_use_builder":"on","_et_pb_old_content":"","_et_gb_content_width":"","ngg_post_thumbnail":0,"_links_to":"","_links_to_target":""},"_links":{"self":[{"href":"https:\/\/unidigitalsimustat.umh.es\/ca\/wp-json\/wp\/v2\/pages\/290"}],"collection":[{"href":"https:\/\/unidigitalsimustat.umh.es\/ca\/wp-json\/wp\/v2\/pages"}],"about":[{"href":"https:\/\/unidigitalsimustat.umh.es\/ca\/wp-json\/wp\/v2\/types\/page"}],"author":[{"embeddable":true,"href":"https:\/\/unidigitalsimustat.umh.es\/ca\/wp-json\/wp\/v2\/users\/24713"}],"replies":[{"embeddable":true,"href":"https:\/\/unidigitalsimustat.umh.es\/ca\/wp-json\/wp\/v2\/comments?post=290"}],"version-history":[{"count":0,"href":"https:\/\/unidigitalsimustat.umh.es\/ca\/wp-json\/wp\/v2\/pages\/290\/revisions"}],"wp:attachment":[{"href":"https:\/\/unidigitalsimustat.umh.es\/ca\/wp-json\/wp\/v2\/media?parent=290"}],"curies":[{"name":"wp","href":"https:\/\/api.w.org\/{rel}","templated":true}]}}