{"id":86,"date":"2023-05-03T12:50:45","date_gmt":"2023-05-03T10:50:45","guid":{"rendered":"https:\/\/unidigitalsimustat.umh.es\/?page_id=86"},"modified":"2023-11-02T09:28:59","modified_gmt":"2023-11-02T08:28:59","slug":"primeros-pasos","status":"publish","type":"page","link":"https:\/\/unidigitalsimustat.umh.es\/ca\/primeros-pasos\/","title":{"rendered":"<span lang=\"es\">(Espa\u00f1ol) Primeros pasos<\/span>"},"content":{"rendered":"<p>[et_pb_section fb_built=&#8221;1&#8243; _builder_version=&#8221;4.17.4&#8243; _module_preset=&#8221;default&#8221; global_colors_info=&#8221;{}&#8221;][et_pb_row column_structure=&#8221;1_5,3_5,1_5&#8243; _builder_version=&#8221;4.17.4&#8243; _module_preset=&#8221;default&#8221; background_color=&#8221;#FFFFFF&#8221; global_colors_info=&#8221;{}&#8221;][et_pb_column type=&#8221;1_5&#8243; _builder_version=&#8221;4.17.4&#8243; _module_preset=&#8221;default&#8221; global_colors_info=&#8221;{}&#8221;][et_pb_button button_url=&#8221;https:\/\/unidigitalsimustat.umh.es\/ciencia-abierta-y-reproducible\/&#8221; button_text=&#8221;M\u00f3dulo 0. Ciencia abierta y reproducible&#8221; button_alignment=&#8221;center&#8221; _builder_version=&#8221;4.17.4&#8243; _module_preset=&#8221;default&#8221; custom_button=&#8221;on&#8221; button_text_size=&#8221;14px&#8221; button_text_color=&#8221;#bf4c00&#8243; button_bg_color=&#8221;#FFFFFF&#8221; button_border_color=&#8221;#bf5800&#8243; button_font=&#8221;Roboto||||||||&#8221; button_icon=&#8221;&#x48;||divi||400&#8243; button_icon_placement=&#8221;left&#8221; transform_scale_tablet=&#8221;&#8221; transform_scale_phone=&#8221;&#8221; transform_scale_last_edited=&#8221;on|desktop&#8221; transform_translate=&#8221;-92px|0px&#8221; transform_translate_tablet=&#8221;-21px|0px&#8221; transform_translate_phone=&#8221;-22px|0px&#8221; transform_translate_last_edited=&#8221;on|phone&#8221; transform_translate_linked=&#8221;off&#8221; transform_rotate_tablet=&#8221;&#8221; transform_rotate_phone=&#8221;&#8221; transform_rotate_last_edited=&#8221;on|desktop&#8221; transform_skew_tablet=&#8221;&#8221; transform_skew_phone=&#8221;&#8221; transform_skew_last_edited=&#8221;on|desktop&#8221; transform_origin_tablet=&#8221;&#8221; transform_origin_phone=&#8221;&#8221; transform_origin_last_edited=&#8221;on|desktop&#8221; transform_styles_last_edited=&#8221;on|phone&#8221; custom_margin=&#8221;|-50px|||false|false&#8221; transform_styles_tablet=&#8221;&#8221; transform_styles_phone=&#8221;&#8221; global_colors_info=&#8221;{}&#8221;][\/et_pb_button][\/et_pb_column][et_pb_column type=&#8221;3_5&#8243; _builder_version=&#8221;4.17.4&#8243; _module_preset=&#8221;default&#8221; global_colors_info=&#8221;{}&#8221;][et_pb_text _builder_version=&#8221;4.17.4&#8243; _module_preset=&#8221;default&#8221; text_font=&#8221;Signika||||||||&#8221; header_2_font_size=&#8221;22px&#8221; text_orientation=&#8221;right&#8221; global_colors_info=&#8221;{}&#8221;]<\/p>\n<h1 style=\"text-align: center;\"><strong>M\u00f3dulo 1. Descubriendo Python<\/strong><\/h1>\n<p><strong><\/strong><\/p>\n<h2 style=\"text-align: center;\"><strong>Unidad 1.1 Primeros pasos<\/strong><\/h2>\n<p>&nbsp;<\/p>\n<p>[\/et_pb_text][\/et_pb_column][et_pb_column type=&#8221;1_5&#8243; _builder_version=&#8221;4.17.4&#8243; _module_preset=&#8221;default&#8221; global_colors_info=&#8221;{}&#8221;][et_pb_button button_url=&#8221;https:\/\/unidigitalsimustat.umh.es\/programacion-basica\/&#8221; button_text=&#8221;Unidad 1.2 Programaci\u00f3n b\u00e1sica&#8221; button_alignment=&#8221;center&#8221; _builder_version=&#8221;4.17.4&#8243; _module_preset=&#8221;default&#8221; custom_button=&#8221;on&#8221; button_text_size=&#8221;14px&#8221; button_text_color=&#8221;#bf4c00&#8243; button_bg_color=&#8221;#FFFFFF&#8221; button_border_color=&#8221;#bf5800&#8243; button_font=&#8221;Roboto||||||||&#8221; button_icon=&#8221;&#x49;||divi||400&#8243; transform_scale_tablet=&#8221;&#8221; transform_scale_phone=&#8221;&#8221; transform_scale_last_edited=&#8221;on|tablet&#8221; transform_translate=&#8221;41px|0px&#8221; transform_translate_tablet=&#8221;-20px|0px&#8221; transform_translate_phone=&#8221;-20px|0px&#8221; transform_translate_last_edited=&#8221;on|phone&#8221; transform_translate_linked=&#8221;off&#8221; transform_translate_linked_tablet=&#8221;off&#8221; transform_rotate_tablet=&#8221;&#8221; transform_rotate_phone=&#8221;&#8221; transform_rotate_last_edited=&#8221;on|tablet&#8221; transform_skew_tablet=&#8221;&#8221; transform_skew_phone=&#8221;&#8221; transform_skew_last_edited=&#8221;on|tablet&#8221; transform_origin_tablet=&#8221;&#8221; transform_origin_phone=&#8221;&#8221; transform_origin_last_edited=&#8221;on|tablet&#8221; transform_styles_last_edited=&#8221;on|phone&#8221; custom_margin=&#8221;|-50px|||false|false&#8221; transform_styles_tablet=&#8221;&#8221; transform_styles_phone=&#8221;&#8221; global_colors_info=&#8221;{}&#8221;][\/et_pb_button][\/et_pb_column][\/et_pb_row][et_pb_row column_structure=&#8221;1_3,1_3,1_3&#8243; _builder_version=&#8221;4.17.4&#8243; _module_preset=&#8221;default&#8221; width=&#8221;89%&#8221; max_width=&#8221;1543px&#8221; global_colors_info=&#8221;{}&#8221;][et_pb_column type=&#8221;1_3&#8243; _builder_version=&#8221;4.17.4&#8243; _module_preset=&#8221;default&#8221; global_colors_info=&#8221;{}&#8221;][et_pb_image src=&#8221;https:\/\/unidigitalsimustat.umh.es\/files\/2023\/05\/Enlace-a-cuaderno-10.png&#8221; title_text=&#8221;Enlace a cuaderno 10&#8243; url=&#8221;https:\/\/colab.research.google.com\/drive\/1K6NByT2obeWgiL68gtAI54-ENAwNPeTy&#8221; url_new_window=&#8221;on&#8221; align=&#8221;center&#8221; _builder_version=&#8221;4.17.4&#8243; _module_preset=&#8221;default&#8221; width=&#8221;50%&#8221; custom_margin=&#8221;24px||||false|false&#8221; custom_padding=&#8221;|||1px||&#8221; global_colors_info=&#8221;{}&#8221;][\/et_pb_image][et_pb_accordion _builder_version=&#8221;4.17.4&#8243; _module_preset=&#8221;default&#8221; toggle_font=&#8221;Signika||||||||&#8221; global_colors_info=&#8221;{}&#8221;][et_pb_accordion_item title=&#8221;Tema 10. Cuadernos Jupiter y Google Colab&#8221; open=&#8221;on&#8221; _builder_version=&#8221;4.17.4&#8243; _module_preset=&#8221;default&#8221; global_colors_info=&#8221;{}&#8221;]<\/p>\n<ol>\n<li><span style=\"color: #bf5800;\"><a href=\"https:\/\/colab.research.google.com\/drive\/1K6NByT2obeWgiL68gtAI54-ENAwNPeTy#scrollTo=SesRoXZfZ7q9\" target=\"_blank\" rel=\"noopener\" style=\"color: #bf5800;\">Jupiter Notebooks y Google Colab<\/a><\/span><\/li>\n<li><span style=\"color: #bf5800;\"><a href=\"https:\/\/colab.research.google.com\/drive\/1K6NByT2obeWgiL68gtAI54-ENAwNPeTy#scrollTo=Dy-4PRSSkw20\" target=\"_blank\" rel=\"noopener\" style=\"color: #bf5800;\">Tu primer cuaderno Colab<\/a><\/span><\/li>\n<li><span style=\"color: #bf5800;\"><a href=\"https:\/\/colab.research.google.com\/drive\/1K6NByT2obeWgiL68gtAI54-ENAwNPeTy#scrollTo=yAC8i21dQq13\" target=\"_blank\" rel=\"noopener\" style=\"color: #bf5800;\">Documentar tu c\u00f3digo<\/a><\/span><\/li>\n<li><span style=\"color: #bf5800;\"><a href=\"https:\/\/colab.research.google.com\/drive\/1K6NByT2obeWgiL68gtAI54-ENAwNPeTy#scrollTo=AtMPeKhQQrPz\" target=\"_blank\" rel=\"noopener\" style=\"color: #bf5800;\">Insersar ecuaciones<\/a><\/span><\/li>\n<li><span style=\"color: #bf5800;\"><a href=\"https:\/\/colab.research.google.com\/drive\/1K6NByT2obeWgiL68gtAI54-ENAwNPeTy#scrollTo=Shw_VqD8QsSU\" target=\"_blank\" rel=\"noopener\" style=\"color: #bf5800;\">Celdas de c\u00f3digo<\/a><\/span><\/li>\n<li><span style=\"color: #bf5800;\"><a href=\"https:\/\/colab.research.google.com\/drive\/1K6NByT2obeWgiL68gtAI54-ENAwNPeTy#scrollTo=Q1D869XHQsLI\" target=\"_blank\" rel=\"noopener\" style=\"color: #bf5800;\">Formularios<\/a><\/span><\/li>\n<li><span style=\"color: #bf5800;\"><a href=\"https:\/\/colab.research.google.com\/drive\/1K6NByT2obeWgiL68gtAI54-ENAwNPeTy#scrollTo=RiMLiwSRQsDQ\" target=\"_blank\" rel=\"noopener\" style=\"color: #bf5800;\">Complementos<\/a><\/span><\/li>\n<li><span style=\"color: #bf5800;\"><a href=\"https:\/\/colab.research.google.com\/drive\/1K6NByT2obeWgiL68gtAI54-ENAwNPeTy#scrollTo=kyNbmGSrQrjR\" target=\"_blank\" rel=\"noopener\" style=\"color: #bf5800;\">Ejemplos de cuadernos Jupyter<\/a><\/span><\/li>\n<\/ol>\n<p>[\/et_pb_accordion_item][\/et_pb_accordion][et_pb_image src=&#8221;https:\/\/unidigitalsimustat.umh.es\/files\/2023\/11\/Enlace-a-video-cuaderno-10.png&#8221; title_text=&#8221;Enlace a v\u00eddeo cuaderno 10&#8243; url=&#8221;https:\/\/www.youtube.com\/watch?v=ekpcixGtM3o&#038;list=PLClKgnzRFYe7o6S0hodywIacTxEh3h9p3&#038;index=2&#8243; align=&#8221;center&#8221; _builder_version=&#8221;4.17.4&#8243; _module_preset=&#8221;default&#8221; transform_translate=&#8221;0px|-25px&#8221; transform_translate_linked=&#8221;off&#8221; width=&#8221;50%&#8221; hover_enabled=&#8221;0&#8243; global_colors_info=&#8221;{}&#8221; url_new_window=&#8221;on&#8221; sticky_enabled=&#8221;0&#8243;][\/et_pb_image][\/et_pb_column][et_pb_column type=&#8221;1_3&#8243; _builder_version=&#8221;4.17.4&#8243; _module_preset=&#8221;default&#8221; global_colors_info=&#8221;{}&#8221;][et_pb_image src=&#8221;https:\/\/unidigitalsimustat.umh.es\/files\/2023\/05\/Enlace-a-cuaderno-20.png&#8221; title_text=&#8221;Enlace a cuaderno 20&#8243; url=&#8221;https:\/\/colab.research.google.com\/drive\/1VZhdQgHZuG0mQysoy-ukNSo1gX65VC5N&#8221; url_new_window=&#8221;on&#8221; align=&#8221;center&#8221; _builder_version=&#8221;4.17.4&#8243; _module_preset=&#8221;default&#8221; width=&#8221;50%&#8221; module_alignment=&#8221;center&#8221; custom_padding=&#8221;24px||||false|false&#8221; hover_enabled=&#8221;0&#8243; global_colors_info=&#8221;{}&#8221; sticky_enabled=&#8221;0&#8243;][\/et_pb_image][et_pb_accordion _builder_version=&#8221;4.17.4&#8243; _module_preset=&#8221;default&#8221; toggle_font=&#8221;Signika||||||||&#8221; global_colors_info=&#8221;{}&#8221;][et_pb_accordion_item title=&#8221;Tema 20. Manipulaci\u00f3n de n\u00fameros y textos&#8221; open=&#8221;on&#8221; _builder_version=&#8221;4.17.4&#8243; _module_preset=&#8221;default&#8221; global_colors_info=&#8221;{}&#8221;]<\/p>\n<ol>\n<li><span style=\"color: #bf5800;\"><a href=\"https:\/\/colab.research.google.com\/drive\/1VZhdQgHZuG0mQysoy-ukNSo1gX65VC5N#scrollTo=SesRoXZfZ7q9\" target=\"_blank\" rel=\"noopener\" style=\"color: #bf5800;\">Elementos b\u00e1sicos en Python<\/a><\/span><\/li>\n<li><span style=\"color: #bf5800;\"><a href=\"https:\/\/colab.research.google.com\/drive\/1VZhdQgHZuG0mQysoy-ukNSo1gX65VC5N#scrollTo=Dy-4PRSSkw20\" target=\"_blank\" rel=\"noopener\" style=\"color: #bf5800;\">C\u00e1lculos b\u00e1sicos con Python<\/a><\/span><\/li>\n<li><span style=\"color: #bf5800;\"><a href=\"https:\/\/colab.research.google.com\/drive\/1VZhdQgHZuG0mQysoy-ukNSo1gX65VC5N#scrollTo=EjT3mXJ-yGVd\" target=\"_blank\" rel=\"noopener\" style=\"color: #bf5800;\">Cadenas de texto<\/a><\/span><\/li>\n<li><span style=\"color: #bf5800;\"><a href=\"https:\/\/colab.research.google.com\/drive\/1VZhdQgHZuG0mQysoy-ukNSo1gX65VC5N#scrollTo=3dmqLEiKBT-v\" target=\"_blank\" rel=\"noopener\" style=\"color: #bf5800;\">Variables<\/a><\/span><\/li>\n<li><span style=\"color: #bf5800;\"><a href=\"https:\/\/colab.research.google.com\/drive\/1VZhdQgHZuG0mQysoy-ukNSo1gX65VC5N#scrollTo=eE-RAtz3ZL1f\" target=\"_blank\" rel=\"noopener\" style=\"color: #bf5800;\">Salidas por pantalla: print()<\/a><\/span><\/li>\n<li><span style=\"color: #bf5800;\"><a href=\"https:\/\/colab.research.google.com\/drive\/1VZhdQgHZuG0mQysoy-ukNSo1gX65VC5N#scrollTo=4iHKryLD71Zm\" target=\"_blank\" rel=\"noopener\" style=\"color: #bf5800;\">Indexar cadenas<\/a><\/span><\/li>\n<li><span style=\"color: #bf5800;\"><a href=\"https:\/\/colab.research.google.com\/drive\/1VZhdQgHZuG0mQysoy-ukNSo1gX65VC5N#scrollTo=SlCP5r5oJjze\" target=\"_blank\" rel=\"noopener\" style=\"color: #bf5800;\">Seccionar cadenas<\/a><\/span><span style=\"color: #bf5800;\"><\/span><span style=\"color: #bf5800;\"><\/span><\/li>\n<\/ol>\n<p><span style=\"color: #bf5800;\"><\/span><\/p>\n<p><span style=\"color: #bf5800;\"><\/span><\/p>\n<p><span style=\"color: #bf5800;\"><\/span><\/p>\n<p>[\/et_pb_accordion_item][\/et_pb_accordion][et_pb_image src=&#8221;https:\/\/unidigitalsimustat.umh.es\/files\/2023\/11\/Enlace-a-video-cuaderno-20.png&#8221; title_text=&#8221;Enlace a v\u00eddeo cuaderno 20&#8243; url=&#8221;https:\/\/www.youtube.com\/watch?v=cTt6cd3eSPg&#038;list=PLClKgnzRFYe7o6S0hodywIacTxEh3h9p3&#038;index=2&#8243; _builder_version=&#8221;4.17.4&#8243; _module_preset=&#8221;default&#8221; transform_translate=&#8221;0px|-25px&#8221; transform_translate_linked=&#8221;off&#8221; width=&#8221;50%&#8221; module_alignment=&#8221;center&#8221; hover_enabled=&#8221;0&#8243; global_colors_info=&#8221;{}&#8221; url_new_window=&#8221;on&#8221; sticky_enabled=&#8221;0&#8243;][\/et_pb_image][\/et_pb_column][et_pb_column type=&#8221;1_3&#8243; _builder_version=&#8221;4.17.4&#8243; _module_preset=&#8221;default&#8221; global_colors_info=&#8221;{}&#8221;][et_pb_image src=&#8221;https:\/\/unidigitalsimustat.umh.es\/files\/2023\/05\/Enlace-a-cuaderno-30.png&#8221; title_text=&#8221;Enlace a cuaderno 30&#8243; url=&#8221;https:\/\/colab.research.google.com\/drive\/1JRvr9ntSCPG6sVlm-Z4Kd2885CfnrATM&#8221; url_new_window=&#8221;on&#8221; align=&#8221;center&#8221; _builder_version=&#8221;4.17.4&#8243; _module_preset=&#8221;default&#8221; width=&#8221;50%&#8221; module_alignment=&#8221;center&#8221; custom_padding=&#8221;24px||||false|false&#8221; global_colors_info=&#8221;{}&#8221;][\/et_pb_image][et_pb_accordion _builder_version=&#8221;4.17.4&#8243; _module_preset=&#8221;default&#8221; toggle_font=&#8221;Signika||||||||&#8221; global_colors_info=&#8221;{}&#8221;][et_pb_accordion_item title=&#8221;Tema 30. Tipos de texto en Python&#8221; open=&#8221;on&#8221; _builder_version=&#8221;4.17.4&#8243; _module_preset=&#8221;default&#8221; global_colors_info=&#8221;{}&#8221;]<\/p>\n<ol>\n<li><span style=\"color: #bf5800;\"><a href=\"https:\/\/colab.research.google.com\/drive\/1JRvr9ntSCPG6sVlm-Z4Kd2885CfnrATM#scrollTo=SesRoXZfZ7q9\" target=\"_blank\" rel=\"noopener\" style=\"color: #bf5800;\">Tipos de datos en Python<\/a><\/span><\/li>\n<li><span style=\"color: #bf5800;\"><a href=\"https:\/\/colab.research.google.com\/drive\/1JRvr9ntSCPG6sVlm-Z4Kd2885CfnrATM#scrollTo=W2DmpJ7RgKh_\" target=\"_blank\" rel=\"noopener\" style=\"color: #bf5800;\">Datos enteros, decimales y nulos<\/a><\/span><\/li>\n<li><span style=\"color: #bf5800;\"><a href=\"https:\/\/colab.research.google.com\/drive\/1JRvr9ntSCPG6sVlm-Z4Kd2885CfnrATM#scrollTo=Dy-4PRSSkw20\" target=\"_blank\" rel=\"noopener\" style=\"color: #bf5800;\">Datos booleanos<\/a><\/span><\/li>\n<li><span style=\"color: #bf5800;\"><a href=\"https:\/\/colab.research.google.com\/drive\/1JRvr9ntSCPG6sVlm-Z4Kd2885CfnrATM#scrollTo=EjT3mXJ-yGVd\" target=\"_blank\" rel=\"noopener\" style=\"color: #bf5800;\">Listas<\/a><\/span><\/li>\n<li><span style=\"color: #bf5800;\"><a href=\"https:\/\/colab.research.google.com\/drive\/1JRvr9ntSCPG6sVlm-Z4Kd2885CfnrATM#scrollTo=eE-RAtz3ZL1f\" target=\"_blank\" rel=\"noopener\" style=\"color: #bf5800;\">Tuplas y colecciones<\/a><\/span><\/li>\n<li><span style=\"color: #bf5800;\"><a href=\"https:\/\/colab.research.google.com\/drive\/1JRvr9ntSCPG6sVlm-Z4Kd2885CfnrATM#scrollTo=4iHKryLD71Zm\" target=\"_blank\" rel=\"noopener\" style=\"color: #bf5800;\">Diccionarios<\/a><\/span><\/li>\n<li><span style=\"color: #bf5800;\"><a href=\"https:\/\/colab.research.google.com\/drive\/1JRvr9ntSCPG6sVlm-Z4Kd2885CfnrATM#scrollTo=SlCP5r5oJjze\" target=\"_blank\" rel=\"noopener\" style=\"color: #bf5800;\">Cadenas de texto<\/a><\/span><\/li>\n<\/ol>\n<p><span style=\"color: #bf5800;\"><\/span><\/p>\n<p><span style=\"color: #bf5800;\"><\/span><\/p>\n<p><span style=\"color: #bf5800;\"><\/span><\/p>\n<p>[\/et_pb_accordion_item][\/et_pb_accordion][et_pb_image src=&#8221;https:\/\/unidigitalsimustat.umh.es\/files\/2023\/11\/Enlace-a-video-cuaderno-30.png&#8221; title_text=&#8221;Enlace a v\u00eddeo cuaderno 30&#8243; url=&#8221;https:\/\/www.youtube.com\/watch?v=Xjrx6J2HEtc&#038;list=PLClKgnzRFYe7o6S0hodywIacTxEh3h9p3&#038;index=3&#8243; align=&#8221;center&#8221; _builder_version=&#8221;4.17.4&#8243; _module_preset=&#8221;default&#8221; transform_translate=&#8221;0px|-25px&#8221; transform_translate_linked=&#8221;off&#8221; width=&#8221;50%&#8221; module_alignment=&#8221;center&#8221; hover_enabled=&#8221;0&#8243; global_colors_info=&#8221;{}&#8221; url_new_window=&#8221;on&#8221; sticky_enabled=&#8221;0&#8243;][\/et_pb_image][\/et_pb_column][\/et_pb_row][et_pb_row column_structure=&#8221;1_3,1_3,1_3&#8243; _builder_version=&#8221;4.17.4&#8243; _module_preset=&#8221;default&#8221; max_width=&#8221;1300px&#8221; global_colors_info=&#8221;{}&#8221;][et_pb_column type=&#8221;1_3&#8243; _builder_version=&#8221;4.17.4&#8243; _module_preset=&#8221;default&#8221; global_colors_info=&#8221;{}&#8221;][et_pb_gallery gallery_ids=&#8221;476&#8243; posts_number=&#8221;1&#8243; show_title_and_caption=&#8221;off&#8221; _builder_version=&#8221;4.17.4&#8243; _module_preset=&#8221;default&#8221; transform_translate=&#8221;-75px|0px&#8221; transform_translate_linked=&#8221;off&#8221; width=&#8221;85%&#8221; module_alignment=&#8221;center&#8221; custom_padding=&#8221;|0px||||&#8221; global_colors_info=&#8221;{}&#8221;][\/et_pb_gallery][\/et_pb_column][et_pb_column type=&#8221;1_3&#8243; _builder_version=&#8221;4.17.4&#8243; _module_preset=&#8221;default&#8221; global_colors_info=&#8221;{}&#8221;][et_pb_gallery gallery_ids=&#8221;479&#8243; posts_number=&#8221;1&#8243; show_title_and_caption=&#8221;off&#8221; _builder_version=&#8221;4.17.4&#8243; _module_preset=&#8221;default&#8221; transform_translate_linked=&#8221;off&#8221; width=&#8221;85%&#8221; module_alignment=&#8221;center&#8221; custom_padding=&#8221;|0px||||&#8221; global_colors_info=&#8221;{}&#8221;][\/et_pb_gallery][\/et_pb_column][et_pb_column type=&#8221;1_3&#8243; _builder_version=&#8221;4.17.4&#8243; _module_preset=&#8221;default&#8221; global_colors_info=&#8221;{}&#8221;][et_pb_gallery gallery_ids=&#8221;482&#8243; posts_number=&#8221;1&#8243; show_title_and_caption=&#8221;off&#8221; _builder_version=&#8221;4.17.4&#8243; _module_preset=&#8221;default&#8221; transform_translate=&#8221;115px|0px&#8221; transform_translate_linked=&#8221;off&#8221; width=&#8221;85%&#8221; module_alignment=&#8221;center&#8221; custom_padding=&#8221;|0px||||&#8221; global_colors_info=&#8221;{}&#8221;][\/et_pb_gallery][\/et_pb_column][\/et_pb_row][\/et_pb_section]<\/p>\n","protected":false},"excerpt":{"rendered":"<p>M\u00f3dulo 1. Descubriendo Python Unidad 1.1 Primeros pasos &nbsp; Jupiter Notebooks y Google Colab Tu primer cuaderno Colab Documentar tu c\u00f3digo Insersar ecuaciones Celdas de c\u00f3digo Formularios Complementos Ejemplos de cuadernos Jupyter Elementos b\u00e1sicos en Python C\u00e1lculos b\u00e1sicos con Python Cadenas de texto Variables Salidas por pantalla: print() Indexar cadenas Seccionar cadenas Tipos de datos [&hellip;]<\/p>\n","protected":false},"author":24713,"featured_media":0,"parent":0,"menu_order":0,"comment_status":"closed","ping_status":"closed","template":"","meta":{"_et_pb_use_builder":"on","_et_pb_old_content":"","_et_gb_content_width":"","ngg_post_thumbnail":0,"_links_to":"","_links_to_target":""},"_links":{"self":[{"href":"https:\/\/unidigitalsimustat.umh.es\/ca\/wp-json\/wp\/v2\/pages\/86"}],"collection":[{"href":"https:\/\/unidigitalsimustat.umh.es\/ca\/wp-json\/wp\/v2\/pages"}],"about":[{"href":"https:\/\/unidigitalsimustat.umh.es\/ca\/wp-json\/wp\/v2\/types\/page"}],"author":[{"embeddable":true,"href":"https:\/\/unidigitalsimustat.umh.es\/ca\/wp-json\/wp\/v2\/users\/24713"}],"replies":[{"embeddable":true,"href":"https:\/\/unidigitalsimustat.umh.es\/ca\/wp-json\/wp\/v2\/comments?post=86"}],"version-history":[{"count":0,"href":"https:\/\/unidigitalsimustat.umh.es\/ca\/wp-json\/wp\/v2\/pages\/86\/revisions"}],"wp:attachment":[{"href":"https:\/\/unidigitalsimustat.umh.es\/ca\/wp-json\/wp\/v2\/media?parent=86"}],"curies":[{"name":"wp","href":"https:\/\/api.w.org\/{rel}","templated":true}]}}