{"id":262,"date":"2023-05-09T08:34:11","date_gmt":"2023-05-09T06:34:11","guid":{"rendered":"https:\/\/unidigitalsimustat.umh.es\/?page_id=262"},"modified":"2023-11-02T10:21:25","modified_gmt":"2023-11-02T09:21:25","slug":"introduccion-a-la-probabilidad","status":"publish","type":"page","link":"https:\/\/unidigitalsimustat.umh.es\/en\/introduccion-a-la-probabilidad\/","title":{"rendered":"<span lang=\"es\">(Espa\u00f1ol) Introduccion a la probabilidad<\/span>"},"content":{"rendered":"<p>[et_pb_section fb_built=&#8221;1&#8243; _builder_version=&#8221;4.17.4&#8243; _module_preset=&#8221;default&#8221; global_colors_info=&#8221;{}&#8221;][et_pb_row column_structure=&#8221;1_5,3_5,1_5&#8243; _builder_version=&#8221;4.17.4&#8243; _module_preset=&#8221;default&#8221; global_colors_info=&#8221;{}&#8221;][et_pb_column type=&#8221;1_5&#8243; _builder_version=&#8221;4.17.4&#8243; _module_preset=&#8221;default&#8221; global_colors_info=&#8221;{}&#8221;][et_pb_button button_url=&#8221;https:\/\/unidigitalsimustat.umh.es\/visualizacion-de-datos\/&#8221; button_text=&#8221;Unidad 2.3 Visualizaci\u00f3n de datos&#8221; button_alignment=&#8221;center&#8221; _builder_version=&#8221;4.17.4&#8243; _module_preset=&#8221;default&#8221; custom_button=&#8221;on&#8221; button_text_size=&#8221;14px&#8221; button_text_color=&#8221;#bf4c00&#8243; button_bg_color=&#8221;#FFFFFF&#8221; button_border_color=&#8221;#bf5800&#8243; button_font=&#8221;Roboto||||||||&#8221; button_icon=&#8221;&#x48;||divi||400&#8243; button_icon_placement=&#8221;left&#8221; transform_scale_tablet=&#8221;&#8221; transform_scale_phone=&#8221;&#8221; transform_scale_last_edited=&#8221;on|desktop&#8221; transform_translate=&#8221;-92px|0px&#8221; transform_translate_tablet=&#8221;-21px|0px&#8221; transform_translate_phone=&#8221;-22px|0px&#8221; transform_translate_last_edited=&#8221;on|phone&#8221; transform_translate_linked=&#8221;off&#8221; transform_rotate_tablet=&#8221;&#8221; transform_rotate_phone=&#8221;&#8221; transform_rotate_last_edited=&#8221;on|desktop&#8221; transform_skew_tablet=&#8221;&#8221; transform_skew_phone=&#8221;&#8221; transform_skew_last_edited=&#8221;on|desktop&#8221; transform_origin_tablet=&#8221;&#8221; transform_origin_phone=&#8221;&#8221; transform_origin_last_edited=&#8221;on|desktop&#8221; transform_styles_last_edited=&#8221;on|phone&#8221; custom_margin=&#8221;|-50px|||false|false&#8221; transform_styles_tablet=&#8221;&#8221; transform_styles_phone=&#8221;&#8221; global_colors_info=&#8221;{}&#8221;][\/et_pb_button][\/et_pb_column][et_pb_column type=&#8221;3_5&#8243; _builder_version=&#8221;4.17.4&#8243; _module_preset=&#8221;default&#8221; global_colors_info=&#8221;{}&#8221;][et_pb_text _builder_version=&#8221;4.17.4&#8243; _module_preset=&#8221;default&#8221; text_font=&#8221;Signika||||||||&#8221; header_2_font_size=&#8221;22px&#8221; global_colors_info=&#8221;{}&#8221;]<\/p>\n<h1 style=\"text-align: center;\"><strong>M\u00f3dulo 3. Probabilidad<\/strong><\/h1>\n<p><strong><\/strong><\/p>\n<h2 style=\"text-align: center;\"><span style=\"text-align: left;\"><b>Unidad 3.1 Introducci\u00f3n a la probabilidad<\/b><\/span><span style=\"font-size: 14px; text-align: left; color: #666666;\">\u00a0<\/span><\/h2>\n<p>[\/et_pb_text][\/et_pb_column][et_pb_column type=&#8221;1_5&#8243; _builder_version=&#8221;4.17.4&#8243; _module_preset=&#8221;default&#8221; global_colors_info=&#8221;{}&#8221;][et_pb_button button_url=&#8221;https:\/\/unidigitalsimustat.umh.es\/distribuciones-de-probabilidad\/&#8221; button_text=&#8221;Unidad 3.2 Distribuciones de probabilidad&#8221; button_alignment=&#8221;center&#8221; _builder_version=&#8221;4.17.4&#8243; _module_preset=&#8221;default&#8221; custom_button=&#8221;on&#8221; button_text_size=&#8221;14px&#8221; button_text_color=&#8221;#bf4c00&#8243; button_bg_color=&#8221;#FFFFFF&#8221; button_border_color=&#8221;#bf5800&#8243; button_font=&#8221;Roboto||||||||&#8221; button_icon=&#8221;&#x49;||divi||400&#8243; transform_scale_tablet=&#8221;&#8221; transform_scale_phone=&#8221;&#8221; transform_scale_last_edited=&#8221;on|tablet&#8221; transform_translate=&#8221;41px|0px&#8221; transform_translate_tablet=&#8221;-20px|0px&#8221; transform_translate_phone=&#8221;-20px|0px&#8221; transform_translate_last_edited=&#8221;on|phone&#8221; transform_translate_linked=&#8221;off&#8221; transform_translate_linked_tablet=&#8221;off&#8221; transform_rotate_tablet=&#8221;&#8221; transform_rotate_phone=&#8221;&#8221; transform_rotate_last_edited=&#8221;on|tablet&#8221; transform_skew_tablet=&#8221;&#8221; transform_skew_phone=&#8221;&#8221; transform_skew_last_edited=&#8221;on|tablet&#8221; transform_origin_tablet=&#8221;&#8221; transform_origin_phone=&#8221;&#8221; transform_origin_last_edited=&#8221;on|tablet&#8221; transform_styles_last_edited=&#8221;on|phone&#8221; custom_margin=&#8221;|-50px|||false|false&#8221; transform_styles_tablet=&#8221;&#8221; transform_styles_phone=&#8221;&#8221; global_colors_info=&#8221;{}&#8221;][\/et_pb_button][\/et_pb_column][\/et_pb_row][et_pb_row column_structure=&#8221;1_4,1_4,1_4,1_4&#8243; _builder_version=&#8221;4.17.4&#8243; _module_preset=&#8221;default&#8221; width=&#8221;89%&#8221; max_width=&#8221;1543px&#8221; global_colors_info=&#8221;{}&#8221;][et_pb_column type=&#8221;1_4&#8243; _builder_version=&#8221;4.17.4&#8243; _module_preset=&#8221;default&#8221; global_colors_info=&#8221;{}&#8221;][et_pb_image src=&#8221;https:\/\/unidigitalsimustat.umh.es\/files\/2023\/05\/Enlace-a-cuaderno-250.png&#8221; title_text=&#8221;Enlace a cuaderno 250&#8243; url=&#8221;https:\/\/colab.research.google.com\/drive\/1MoaedUUuvd8CGiAdak3m0or5baTnhhOw#scrollTo=xuQC5wlOleXQ&#8221; url_new_window=&#8221;on&#8221; align=&#8221;center&#8221; _builder_version=&#8221;4.17.4&#8243; _module_preset=&#8221;default&#8221; width=&#8221;50%&#8221; custom_padding_tablet=&#8221;202px||||false|false&#8221; custom_padding_phone=&#8221;202px||||false|false&#8221; custom_padding_last_edited=&#8221;on|desktop&#8221; global_colors_info=&#8221;{}&#8221;][\/et_pb_image][et_pb_accordion _builder_version=&#8221;4.17.4&#8243; _module_preset=&#8221;default&#8221; toggle_font=&#8221;Signika||||||||&#8221; global_colors_info=&#8221;{}&#8221;][et_pb_accordion_item title=&#8221;Tema 250. Introducci\u00f3n a la probabilidad&#8221; open=&#8221;on&#8221; _builder_version=&#8221;4.17.4&#8243; _module_preset=&#8221;default&#8221; global_colors_info=&#8221;{}&#8221;]<\/p>\n<ol>\n<li><span style=\"color: #bf5800;\"><a href=\"https:\/\/colab.research.google.com\/drive\/1MoaedUUuvd8CGiAdak3m0or5baTnhhOw#scrollTo=SesRoXZfZ7q9\" target=\"_blank\" rel=\"noopener\" style=\"color: #bf5800;\">Conceptos b\u00e1sicos sobre la probabilidad<\/a><\/span><\/li>\n<li><span style=\"color: #bf5800;\"><a href=\"https:\/\/colab.research.google.com\/drive\/1MoaedUUuvd8CGiAdak3m0or5baTnhhOw#scrollTo=Dy-4PRSSkw20\" target=\"_blank\" rel=\"noopener\" style=\"color: #bf5800;\">Cuantificaci\u00f3n de la probabilidad<\/a><\/span><\/li>\n<li><span style=\"color: #bf5800;\"><a href=\"https:\/\/colab.research.google.com\/drive\/1MoaedUUuvd8CGiAdak3m0or5baTnhhOw#scrollTo=eE-RAtz3ZL1f\" target=\"_blank\" rel=\"noopener\" style=\"color: #bf5800;\">Operaciones de conjunto<\/a><\/span><\/li>\n<li><span style=\"color: #bf5800;\"><a href=\"https:\/\/colab.research.google.com\/drive\/1MoaedUUuvd8CGiAdak3m0or5baTnhhOw#scrollTo=8CeCM2Df8nDa\" target=\"_blank\" rel=\"noopener\" style=\"color: #bf5800;\">Probabilidad de los conjuntos<\/a><\/span><\/li>\n<\/ol>\n<p><span style=\"color: #bf5800;\"><\/span><\/p>\n<p><span style=\"color: #bf5800;\"><\/span><\/p>\n<p><span style=\"color: #bf5800;\"><\/span><\/p>\n<p><span style=\"color: #bf5800;\"><\/span><\/p>\n<p><span style=\"color: #bf5800;\"><\/span><\/p>\n<p><span style=\"color: #bf5800;\"><\/span><\/p>\n<p><span style=\"color: #bf5800;\"><\/span><\/p>\n<p><span style=\"color: #bf5800;\"><\/span><\/p>\n<p><span style=\"color: #bf5800;\"><\/span><\/p>\n<p><span style=\"color: #bf5800;\"><\/span><\/p>\n<p><span style=\"color: #bf5800;\"><\/span><\/p>\n<p><span style=\"color: #bf5800;\"><\/span><\/p>\n<p><span style=\"color: #bf5800;\"><\/span><\/p>\n<p><span style=\"color: #bf5800;\"><\/span><\/p>\n<p>[\/et_pb_accordion_item][\/et_pb_accordion][et_pb_image src=&#8221;https:\/\/unidigitalsimustat.umh.es\/files\/2023\/11\/Enlace-a-video-cuaderno-250-300&#215;54.png&#8221; title_text=&#8221;Enlace a v\u00eddeo cuaderno 250&#8243; url=&#8221;https:\/\/www.youtube.com\/watch?v=nd0yzQ6IcUA&#038;list=PLClKgnzRFYe7o6S0hodywIacTxEh3h9p3&#038;index=25&#8243; url_new_window=&#8221;on&#8221; align=&#8221;center&#8221; _builder_version=&#8221;4.17.4&#8243; _module_preset=&#8221;default&#8221; transform_translate=&#8221;0px|-25px&#8221; transform_translate_linked=&#8221;off&#8221; width=&#8221;50%&#8221; global_colors_info=&#8221;{}&#8221;][\/et_pb_image][\/et_pb_column][et_pb_column type=&#8221;1_4&#8243; _builder_version=&#8221;4.17.4&#8243; _module_preset=&#8221;default&#8221; global_colors_info=&#8221;{}&#8221;][et_pb_image src=&#8221;https:\/\/unidigitalsimustat.umh.es\/files\/2023\/05\/Enlace-a-cuaderno-260.png&#8221; title_text=&#8221;Enlace a cuaderno 260&#8243; url=&#8221;https:\/\/colab.research.google.com\/drive\/1rBHxCKg2LoaZZcDFkdGcuGYm8f-H9icN#scrollTo=xuQC5wlOleXQ&#8221; url_new_window=&#8221;on&#8221; align=&#8221;center&#8221; _builder_version=&#8221;4.17.4&#8243; _module_preset=&#8221;default&#8221; width=&#8221;50%&#8221; module_alignment=&#8221;center&#8221; global_colors_info=&#8221;{}&#8221;][\/et_pb_image][et_pb_accordion _builder_version=&#8221;4.17.4&#8243; _module_preset=&#8221;default&#8221; toggle_font=&#8221;Signika||||||||&#8221; global_colors_info=&#8221;{}&#8221;][et_pb_accordion_item title=&#8221;Tema 260. M\u00e9todos de contar aplicados a la probabilidad&#8221; open=&#8221;on&#8221; _builder_version=&#8221;4.17.4&#8243; _module_preset=&#8221;default&#8221; global_colors_info=&#8221;{}&#8221;]<\/p>\n<ol>\n<li><span style=\"color: #bf5800;\"><a href=\"https:\/\/colab.research.google.com\/drive\/1rBHxCKg2LoaZZcDFkdGcuGYm8f-H9icN#scrollTo=SesRoXZfZ7q9\" target=\"_blank\" rel=\"noopener\" style=\"color: #bf5800;\">Otra definici\u00f3n de probabilidad<\/a><\/span><\/li>\n<li><span style=\"color: #bf5800;\"><a href=\"https:\/\/colab.research.google.com\/drive\/1rBHxCKg2LoaZZcDFkdGcuGYm8f-H9icN#scrollTo=sI0spceZssR-\" target=\"_blank\" rel=\"noopener\" style=\"color: #bf5800;\">M\u00e9todos de contar<\/a><\/span><\/li>\n<li><span style=\"color: #bf5800;\"><a href=\"https:\/\/colab.research.google.com\/drive\/1rBHxCKg2LoaZZcDFkdGcuGYm8f-H9icN#scrollTo=eE-RAtz3ZL1f\" target=\"_blank\" rel=\"noopener\" style=\"color: #bf5800;\">Muestreo ordenado con reemplazamiento<\/a><\/span><\/li>\n<li><span style=\"color: #bf5800;\"><a href=\"https:\/\/colab.research.google.com\/drive\/1rBHxCKg2LoaZZcDFkdGcuGYm8f-H9icN#scrollTo=8CeCM2Df8nDa\" target=\"_blank\" rel=\"noopener\" style=\"color: #bf5800;\">Muestreo ordenado sin reemplazamiento<\/a><\/span><\/li>\n<li><span style=\"color: #bf5800;\"><a href=\"https:\/\/colab.research.google.com\/drive\/1rBHxCKg2LoaZZcDFkdGcuGYm8f-H9icN#scrollTo=wyGTuc9ECyhC\" target=\"_blank\" rel=\"noopener\" style=\"color: #bf5800;\">Muestreo desordenado sin reemplazamiento<\/a><\/span><\/li>\n<li><span style=\"color: #bf5800;\"><a href=\"https:\/\/colab.research.google.com\/drive\/1rBHxCKg2LoaZZcDFkdGcuGYm8f-H9icN#scrollTo=pjF3J74mCy9f\" target=\"_blank\" rel=\"noopener\" style=\"color: #bf5800;\">Muestreo desordenado con reemplazamiento<\/a><\/span><\/li>\n<li><span style=\"color: #bf5800;\"><a href=\"https:\/\/colab.research.google.com\/drive\/1rBHxCKg2LoaZZcDFkdGcuGYm8f-H9icN#scrollTo=TfmBzp4MbLJw\" target=\"_blank\" rel=\"noopener\" style=\"color: #bf5800;\">Producto cartesiano entre muestreos<\/a><\/span><\/li>\n<\/ol>\n<p>[\/et_pb_accordion_item][\/et_pb_accordion][et_pb_image src=&#8221;https:\/\/unidigitalsimustat.umh.es\/files\/2023\/11\/Enlace-a-video-cuaderno-260.png&#8221; title_text=&#8221;Enlace a v\u00eddeo cuaderno 260&#8243; url=&#8221;https:\/\/www.youtube.com\/watch?v=8-z3SbGBgpw&#038;list=PLClKgnzRFYe7o6S0hodywIacTxEh3h9p3&#038;index=26&#8243; url_new_window=&#8221;on&#8221; align=&#8221;center&#8221; _builder_version=&#8221;4.17.4&#8243; _module_preset=&#8221;default&#8221; transform_translate=&#8221;0px|-25px&#8221; transform_translate_linked=&#8221;off&#8221; width=&#8221;50%&#8221; global_colors_info=&#8221;{}&#8221;][\/et_pb_image][\/et_pb_column][et_pb_column type=&#8221;1_4&#8243; _builder_version=&#8221;4.17.4&#8243; _module_preset=&#8221;default&#8221; global_colors_info=&#8221;{}&#8221;][et_pb_image src=&#8221;https:\/\/unidigitalsimustat.umh.es\/files\/2023\/05\/Enlace-a-cuaderno-270.png&#8221; title_text=&#8221;Enlace a cuaderno 270&#8243; url=&#8221;https:\/\/colab.research.google.com\/drive\/1ektTvBxKUmyTv9wJV7-n1dvh15810FdV#scrollTo=xuQC5wlOleXQ&#8221; url_new_window=&#8221;on&#8221; align=&#8221;center&#8221; _builder_version=&#8221;4.17.4&#8243; _module_preset=&#8221;default&#8221; width=&#8221;50%&#8221; module_alignment=&#8221;center&#8221; custom_padding_tablet=&#8221;171px||||false|false&#8221; custom_padding_phone=&#8221;171px||||false|false&#8221; custom_padding_last_edited=&#8221;on|desktop&#8221; global_colors_info=&#8221;{}&#8221;][\/et_pb_image][et_pb_accordion _builder_version=&#8221;4.17.4&#8243; _module_preset=&#8221;default&#8221; toggle_font=&#8221;Signika||||||||&#8221; global_colors_info=&#8221;{}&#8221;][et_pb_accordion_item title=&#8221;Tema 270. Probabilidad condicionada&#8221; open=&#8221;on&#8221; _builder_version=&#8221;4.17.4&#8243; _module_preset=&#8221;default&#8221; custom_padding=&#8221;||27px||false|false&#8221; global_colors_info=&#8221;{}&#8221;]<\/p>\n<ol>\n<li><span style=\"color: #bf5800;\"><a href=\"https:\/\/colab.research.google.com\/drive\/1ektTvBxKUmyTv9wJV7-n1dvh15810FdV#scrollTo=SesRoXZfZ7q9\" target=\"_blank\" rel=\"noopener\" style=\"color: #bf5800;\">Probabilidad condicionada<\/a><\/span><\/li>\n<li><span style=\"color: #bf5800;\"><a href=\"https:\/\/colab.research.google.com\/drive\/1ektTvBxKUmyTv9wJV7-n1dvh15810FdV#scrollTo=b-cB4gxBJCzx\" target=\"_blank\" rel=\"noopener\" style=\"color: #bf5800;\">Regla de multiplicaci\u00f3n<\/a><\/span><\/li>\n<li><span style=\"color: #bf5800;\"><a href=\"https:\/\/colab.research.google.com\/drive\/1ektTvBxKUmyTv9wJV7-n1dvh15810FdV#scrollTo=Dy-4PRSSkw20\" target=\"_blank\" rel=\"noopener\" style=\"color: #bf5800;\">Independencia<\/a><\/span><\/li>\n<li><span style=\"color: #bf5800;\"><a href=\"https:\/\/colab.research.google.com\/drive\/1ektTvBxKUmyTv9wJV7-n1dvh15810FdV#scrollTo=bqS1nC5wyaRH\" target=\"_blank\" rel=\"noopener\" style=\"color: #bf5800;\">Ley de probabilidad total<\/a><\/span><\/li>\n<li><span style=\"color: #bf5800;\"><a href=\"https:\/\/colab.research.google.com\/drive\/1ektTvBxKUmyTv9wJV7-n1dvh15810FdV#scrollTo=eE-RAtz3ZL1f\" target=\"_blank\" rel=\"noopener\" style=\"color: #bf5800;\">Teorema de Bayes<\/a><\/span><\/li>\n<li><span style=\"color: #bf5800;\"><a href=\"https:\/\/colab.research.google.com\/drive\/1ektTvBxKUmyTv9wJV7-n1dvh15810FdV#scrollTo=8CeCM2Df8nDa\" target=\"_blank\" rel=\"noopener\" style=\"color: #bf5800;\">Independencia condicionada<\/a><\/span><\/li>\n<\/ol>\n<p><span style=\"color: #bf5800;\"><\/span><\/p>\n<p><span style=\"color: #bf5800;\"><\/span><\/p>\n<p><span style=\"color: #bf5800;\"><\/span><\/p>\n<p><span style=\"color: #bf5800;\"><\/span><\/p>\n<p><span style=\"color: #bf5800;\"><\/span><\/p>\n<p><span style=\"color: #bf5800;\"><\/span><\/p>\n<p><span style=\"color: #bf5800;\"><\/span><\/p>\n<p>&nbsp;<\/p>\n<p>[\/et_pb_accordion_item][\/et_pb_accordion][et_pb_image src=&#8221;https:\/\/unidigitalsimustat.umh.es\/files\/2023\/11\/Enlace-a-video-cuaderno-270.png&#8221; title_text=&#8221;Enlace a v\u00eddeo cuaderno 270&#8243; url=&#8221;https:\/\/www.youtube.com\/watch?v=ltaBllCGcXc&#038;list=PLClKgnzRFYe7o6S0hodywIacTxEh3h9p3&#038;index=27&#8243; url_new_window=&#8221;on&#8221; align=&#8221;center&#8221; _builder_version=&#8221;4.17.4&#8243; _module_preset=&#8221;default&#8221; transform_translate=&#8221;0px|-25px&#8221; transform_translate_linked=&#8221;off&#8221; width=&#8221;50%&#8221; global_colors_info=&#8221;{}&#8221;][\/et_pb_image][\/et_pb_column][et_pb_column type=&#8221;1_4&#8243; _builder_version=&#8221;4.17.4&#8243; _module_preset=&#8221;default&#8221; global_colors_info=&#8221;{}&#8221;][et_pb_image src=&#8221;https:\/\/unidigitalsimustat.umh.es\/files\/2023\/05\/Enlace-a-cuaderno-280.png&#8221; title_text=&#8221;Enlace a cuaderno 280&#8243; url=&#8221;https:\/\/colab.research.google.com\/drive\/1Gp4XYiZjO1WChLRRTHugtbQziSoJOR7N#scrollTo=xuQC5wlOleXQ&#8221; url_new_window=&#8221;on&#8221; align=&#8221;center&#8221; _builder_version=&#8221;4.17.4&#8243; _module_preset=&#8221;default&#8221; width=&#8221;50%&#8221; module_alignment=&#8221;center&#8221; custom_padding_tablet=&#8221;147px||||false|false&#8221; custom_padding_phone=&#8221;147px||||false|false&#8221; custom_padding_last_edited=&#8221;on|desktop&#8221; global_colors_info=&#8221;{}&#8221;][\/et_pb_image][et_pb_accordion _builder_version=&#8221;4.17.4&#8243; _module_preset=&#8221;default&#8221; toggle_font=&#8221;Signika||||||||&#8221; global_colors_info=&#8221;{}&#8221;][et_pb_accordion_item title=&#8221;Tema 280. Conceptos de probabilidad y su uso en la evaluaci\u00f3n de pruebas diagn\u00f3sticas y de detecci\u00f3n&#8221; open=&#8221;on&#8221; _builder_version=&#8221;4.17.4&#8243; _module_preset=&#8221;default&#8221; global_colors_info=&#8221;{}&#8221;]<\/p>\n<ol>\n<li><span style=\"color: #bf5800;\"><a href=\"https:\/\/colab.research.google.com\/drive\/1Gp4XYiZjO1WChLRRTHugtbQziSoJOR7N#scrollTo=SesRoXZfZ7q9\" target=\"_blank\" rel=\"noopener\" style=\"color: #bf5800;\">Pruebas diagn\u00f3sticas y su eficacia<\/a><\/span><\/li>\n<li><span style=\"color: #bf5800;\"><a href=\"https:\/\/colab.research.google.com\/drive\/1Gp4XYiZjO1WChLRRTHugtbQziSoJOR7N#scrollTo=b-cB4gxBJCzx\" target=\"_blank\" rel=\"noopener\" style=\"color: #bf5800;\">Valores predictivos<\/a><\/span><\/li>\n<li><span style=\"color: #bf5800;\"><a href=\"https:\/\/colab.research.google.com\/drive\/1Gp4XYiZjO1WChLRRTHugtbQziSoJOR7N#scrollTo=Dy-4PRSSkw20\" target=\"_blank\" rel=\"noopener\" style=\"color: #bf5800;\">Pruebas diagn\u00f3sticas m\u00faltiples secuenciales<\/a><\/span><\/li>\n<li><span style=\"color: #bf5800;\"><a href=\"https:\/\/colab.research.google.com\/drive\/1Gp4XYiZjO1WChLRRTHugtbQziSoJOR7N#scrollTo=bqS1nC5wyaRH\" target=\"_blank\" rel=\"noopener\" style=\"color: #bf5800;\">Pruebas diagn\u00f3sticas en paralelo<\/a><\/span><\/li>\n<\/ol>\n<p><span style=\"color: #bf5800;\"><\/span><\/p>\n<p><span style=\"color: #bf5800;\"><\/span><\/p>\n<p><span style=\"color: #bf5800;\"><\/span><\/p>\n<p><span style=\"color: #bf5800;\"><\/span><\/p>\n<p><span style=\"color: #bf5800;\"><\/span><\/p>\n<p><span style=\"color: #bf5800;\"><\/span><\/p>\n<p><span style=\"color: #bf5800;\"><\/span><\/p>\n<p><span style=\"color: #bf5800;\"><\/span><\/p>\n<p><span style=\"color: #bf5800;\"><\/span><\/p>\n<p><span style=\"color: #bf5800;\"><\/span><\/p>\n<p>[\/et_pb_accordion_item][\/et_pb_accordion][et_pb_image src=&#8221;https:\/\/unidigitalsimustat.umh.es\/files\/2023\/11\/Enlace-a-video-cuaderno-280.png&#8221; title_text=&#8221;Enlace a v\u00eddeo cuaderno 280&#8243; url=&#8221;https:\/\/www.youtube.com\/watch?v=5e9mkv3EoKc&#038;list=PLClKgnzRFYe7o6S0hodywIacTxEh3h9p3&#038;index=28&#8243; url_new_window=&#8221;on&#8221; align=&#8221;center&#8221; _builder_version=&#8221;4.17.4&#8243; _module_preset=&#8221;default&#8221; transform_translate=&#8221;0px|-25px&#8221; transform_translate_linked=&#8221;off&#8221; width=&#8221;50%&#8221; global_colors_info=&#8221;{}&#8221;][\/et_pb_image][\/et_pb_column][\/et_pb_row][et_pb_row column_structure=&#8221;1_4,1_4,1_4,1_4&#8243; _builder_version=&#8221;4.17.4&#8243; _module_preset=&#8221;default&#8221; max_width=&#8221;1300px&#8221; global_colors_info=&#8221;{}&#8221; theme_builder_area=&#8221;post_content&#8221;][et_pb_column type=&#8221;1_4&#8243; _builder_version=&#8221;4.17.4&#8243; _module_preset=&#8221;default&#8221; global_colors_info=&#8221;{}&#8221; theme_builder_area=&#8221;post_content&#8221;][et_pb_gallery gallery_ids=&#8221;598&#8243; posts_number=&#8221;1&#8243; show_title_and_caption=&#8221;off&#8221; _builder_version=&#8221;4.17.4&#8243; _module_preset=&#8221;default&#8221; transform_translate=&#8221;-90px|0px&#8221; transform_translate_linked=&#8221;off&#8221; width=&#8221;85%&#8221; module_alignment=&#8221;center&#8221; custom_padding=&#8221;|0px||||&#8221; hover_enabled=&#8221;0&#8243; global_colors_info=&#8221;{}&#8221; theme_builder_area=&#8221;post_content&#8221; sticky_enabled=&#8221;0&#8243;][\/et_pb_gallery][\/et_pb_column][et_pb_column type=&#8221;1_4&#8243; _builder_version=&#8221;4.17.4&#8243; _module_preset=&#8221;default&#8221; global_colors_info=&#8221;{}&#8221; theme_builder_area=&#8221;post_content&#8221;][et_pb_gallery gallery_ids=&#8221;601&#8243; posts_number=&#8221;1&#8243; show_title_and_caption=&#8221;off&#8221; _builder_version=&#8221;4.17.4&#8243; _module_preset=&#8221;default&#8221; transform_translate=&#8221;-30px|0px&#8221; transform_translate_linked=&#8221;off&#8221; width=&#8221;85%&#8221; module_alignment=&#8221;center&#8221; custom_padding=&#8221;|0px||||&#8221; hover_enabled=&#8221;0&#8243; global_colors_info=&#8221;{}&#8221; theme_builder_area=&#8221;post_content&#8221; sticky_enabled=&#8221;0&#8243;][\/et_pb_gallery][\/et_pb_column][et_pb_column type=&#8221;1_4&#8243; _builder_version=&#8221;4.17.4&#8243; _module_preset=&#8221;default&#8221; global_colors_info=&#8221;{}&#8221; theme_builder_area=&#8221;post_content&#8221;][et_pb_gallery gallery_ids=&#8221;604&#8243; posts_number=&#8221;1&#8243; show_title_and_caption=&#8221;off&#8221; _builder_version=&#8221;4.17.4&#8243; _module_preset=&#8221;default&#8221; transform_translate=&#8221;35px|0px&#8221; transform_translate_linked=&#8221;off&#8221; width=&#8221;85%&#8221; module_alignment=&#8221;center&#8221; custom_padding=&#8221;|0px||||&#8221; hover_enabled=&#8221;0&#8243; global_colors_info=&#8221;{}&#8221; theme_builder_area=&#8221;post_content&#8221; sticky_enabled=&#8221;0&#8243;][\/et_pb_gallery][\/et_pb_column][et_pb_column type=&#8221;1_4&#8243; _builder_version=&#8221;4.17.4&#8243; _module_preset=&#8221;default&#8221; global_colors_info=&#8221;{}&#8221; theme_builder_area=&#8221;post_content&#8221;][et_pb_gallery gallery_ids=&#8221;607&#8243; posts_number=&#8221;1&#8243; show_title_and_caption=&#8221;off&#8221; _builder_version=&#8221;4.17.4&#8243; _module_preset=&#8221;default&#8221; transform_translate=&#8221;110px|0px&#8221; transform_translate_linked=&#8221;off&#8221; width=&#8221;85%&#8221; module_alignment=&#8221;center&#8221; custom_padding=&#8221;|0px||||&#8221; hover_enabled=&#8221;0&#8243; global_colors_info=&#8221;{}&#8221; theme_builder_area=&#8221;post_content&#8221; sticky_enabled=&#8221;0&#8243;][\/et_pb_gallery][\/et_pb_column][\/et_pb_row][\/et_pb_section]<\/p>\n","protected":false},"excerpt":{"rendered":"<p>M\u00f3dulo 3. Probabilidad Unidad 3.1 Introducci\u00f3n a la probabilidad\u00a0 Conceptos b\u00e1sicos sobre la probabilidad Cuantificaci\u00f3n de la probabilidad Operaciones de conjunto Probabilidad de los conjuntos Otra definici\u00f3n de probabilidad M\u00e9todos de contar Muestreo ordenado con reemplazamiento Muestreo ordenado sin reemplazamiento Muestreo desordenado sin reemplazamiento Muestreo desordenado con reemplazamiento Producto cartesiano entre muestreos Probabilidad condicionada Regla [&hellip;]<\/p>\n","protected":false},"author":24704,"featured_media":0,"parent":0,"menu_order":0,"comment_status":"closed","ping_status":"closed","template":"","meta":{"_et_pb_use_builder":"on","_et_pb_old_content":"","_et_gb_content_width":"","ngg_post_thumbnail":0,"_links_to":"","_links_to_target":""},"_links":{"self":[{"href":"https:\/\/unidigitalsimustat.umh.es\/en\/wp-json\/wp\/v2\/pages\/262"}],"collection":[{"href":"https:\/\/unidigitalsimustat.umh.es\/en\/wp-json\/wp\/v2\/pages"}],"about":[{"href":"https:\/\/unidigitalsimustat.umh.es\/en\/wp-json\/wp\/v2\/types\/page"}],"author":[{"embeddable":true,"href":"https:\/\/unidigitalsimustat.umh.es\/en\/wp-json\/wp\/v2\/users\/24704"}],"replies":[{"embeddable":true,"href":"https:\/\/unidigitalsimustat.umh.es\/en\/wp-json\/wp\/v2\/comments?post=262"}],"version-history":[{"count":0,"href":"https:\/\/unidigitalsimustat.umh.es\/en\/wp-json\/wp\/v2\/pages\/262\/revisions"}],"wp:attachment":[{"href":"https:\/\/unidigitalsimustat.umh.es\/en\/wp-json\/wp\/v2\/media?parent=262"}],"curies":[{"name":"wp","href":"https:\/\/api.w.org\/{rel}","templated":true}]}}