{"id":67,"date":"2023-05-03T11:57:52","date_gmt":"2023-05-03T09:57:52","guid":{"rendered":"https:\/\/unidigitalsimustat.umh.es\/?page_id=67"},"modified":"2023-11-28T09:25:27","modified_gmt":"2023-11-28T08:25:27","slug":"proyecto","status":"publish","type":"page","link":"https:\/\/unidigitalsimustat.umh.es\/en\/proyecto\/","title":{"rendered":"<span lang=\"es\">(Espa\u00f1ol) El Proyecto<\/span>"},"content":{"rendered":"<p>[et_pb_section fb_built=&#8221;1&#8243; _builder_version=&#8221;4.17.4&#8243; _module_preset=&#8221;default&#8221; background_color=&#8221;#B3B3B3&#8243; background_image=&#8221;https:\/\/unidigitalsimustat.umh.es\/files\/2023\/05\/pexels-lukas-669616.jpg&#8221; background_position=&#8221;bottom_right&#8221; background_blend=&#8221;overlay&#8221; width=&#8221;100%&#8221; module_alignment=&#8221;center&#8221; height=&#8221;257px&#8221; hover_enabled=&#8221;0&#8243; background_color_tablet=&#8221;#BFBFBF&#8221; background_color_phone=&#8221;#A6A6A6&#8243; background_last_edited=&#8221;on|phone&#8221; background_enable_color_tablet=&#8221;on&#8221; background_enable_color_phone=&#8221;on&#8221; background_blend_tablet=&#8221;overlay&#8221; background_blend_phone=&#8221;overlay&#8221; global_colors_info=&#8221;{}&#8221; transform_styles_last_edited=&#8221;on|phone&#8221; transform_scale_last_edited=&#8221;on|phone&#8221; transform_translate_last_edited=&#8221;on|phone&#8221; transform_rotate_last_edited=&#8221;on|phone&#8221; transform_skew_last_edited=&#8221;on|phone&#8221; transform_origin_last_edited=&#8221;on|phone&#8221; transform_translate_linked_phone=&#8221;off&#8221; sticky_enabled=&#8221;0&#8243;][et_pb_row _builder_version=&#8221;4.17.4&#8243; _module_preset=&#8221;default&#8221; transform_scale_tablet=&#8221;&#8221; transform_scale_phone=&#8221;&#8221; transform_scale_last_edited=&#8221;on|phone&#8221; transform_translate=&#8221;20px|-50px&#8221; transform_translate_tablet=&#8221;-33px|0px&#8221; transform_translate_phone=&#8221;50px|0px&#8221; transform_translate_last_edited=&#8221;on|phone&#8221; transform_translate_linked=&#8221;off&#8221; transform_rotate_tablet=&#8221;&#8221; transform_rotate_phone=&#8221;&#8221; transform_rotate_last_edited=&#8221;on|phone&#8221; transform_skew_tablet=&#8221;&#8221; transform_skew_phone=&#8221;&#8221; transform_skew_last_edited=&#8221;on|phone&#8221; transform_origin_tablet=&#8221;&#8221; transform_origin_phone=&#8221;&#8221; transform_origin_last_edited=&#8221;on|phone&#8221; transform_styles_last_edited=&#8221;on|phone&#8221; width=&#8221;100%&#8221; max_width=&#8221;1094px&#8221; module_alignment=&#8221;center&#8221; background_color_phone=&#8221;RGBA(255,255,255,0)&#8221; background_last_edited=&#8221;on|phone&#8221; background_enable_color_phone=&#8221;on&#8221; transform_styles_tablet=&#8221;&#8221; transform_styles_phone=&#8221;&#8221; global_colors_info=&#8221;{}&#8221;][et_pb_column type=&#8221;4_4&#8243; _builder_version=&#8221;4.17.4&#8243; _module_preset=&#8221;default&#8221; global_colors_info=&#8221;{}&#8221;][et_pb_text _builder_version=&#8221;4.17.4&#8243; _module_preset=&#8221;default&#8221; text_font=&#8221;Overpass||||||||&#8221; text_text_color=&#8221;#2E2E2E&#8221; text_font_size=&#8221;30px&#8221; text_line_height=&#8221;1.8em&#8221; header_font=&#8221;Overpass||||||||&#8221; header_text_align=&#8221;left&#8221; header_font_size=&#8221;45px&#8221; header_line_height=&#8221;1.1em&#8221; header_2_font=&#8221;Overpass||||||||&#8221; background_color=&#8221;RGBA(255,255,255,0)&#8221; transform_translate=&#8221;0px|35px&#8221; transform_translate_linked=&#8221;off&#8221; width=&#8221;100%&#8221; width_tablet=&#8221;65%&#8221; width_phone=&#8221;100%&#8221; width_last_edited=&#8221;on|phone&#8221; max_width_tablet=&#8221;&#8221; max_width_phone=&#8221;100%&#8221; max_width_last_edited=&#8221;on|phone&#8221; module_alignment=&#8221;center&#8221; hover_enabled=&#8221;0&#8243; global_colors_info=&#8221;{}&#8221; text_font_size_last_edited=&#8221;on|phone&#8221; sticky_enabled=&#8221;0&#8243; text_font_size_phone=&#8221;10px&#8221; transform_styles_last_edited=&#8221;on|phone&#8221; transform_scale_last_edited=&#8221;on|phone&#8221; transform_translate_last_edited=&#8221;on|phone&#8221; transform_rotate_last_edited=&#8221;on|phone&#8221; transform_skew_last_edited=&#8221;on|phone&#8221; transform_origin_last_edited=&#8221;on|phone&#8221; transform_translate_phone=&#8221;0px|-52px&#8221; transform_translate_tablet=&#8221;0px|0px&#8221; text_font_size_tablet=&#8221;30px&#8221;]<\/p>\n<h1><strong>El proyecto SIMUSTAT<\/strong><\/h1>\n<p>&nbsp;<\/p>\n<p>[\/et_pb_text][\/et_pb_column][\/et_pb_row][et_pb_row column_structure=&#8221;1_3,1_3,1_3&#8243; _builder_version=&#8221;4.17.4&#8243; _module_preset=&#8221;default&#8221; background_color=&#8221;rgba(255,255,255,0.9)&#8221; transform_scale_tablet=&#8221;&#8221; transform_scale_phone=&#8221;&#8221; transform_scale_last_edited=&#8221;on|phone&#8221; transform_translate=&#8221;300px|-43px&#8221; transform_translate_tablet=&#8221;0px|-52px&#8221; transform_translate_phone=&#8221;0px|-97px&#8221; transform_translate_last_edited=&#8221;on|phone&#8221; transform_translate_linked=&#8221;off&#8221; transform_rotate_tablet=&#8221;&#8221; transform_rotate_phone=&#8221;&#8221; transform_rotate_last_edited=&#8221;on|phone&#8221; transform_skew_tablet=&#8221;&#8221; transform_skew_phone=&#8221;&#8221; transform_skew_last_edited=&#8221;on|phone&#8221; transform_origin_tablet=&#8221;&#8221; transform_origin_phone=&#8221;&#8221; transform_origin_last_edited=&#8221;on|phone&#8221; transform_styles_last_edited=&#8221;on|phone&#8221; width_tablet=&#8221;79%&#8221; width_phone=&#8221;100%&#8221; width_last_edited=&#8221;on|desktop&#8221; max_width_tablet=&#8221;2565%&#8221; max_width_phone=&#8221;112%&#8221; max_width_last_edited=&#8221;on|tablet&#8221; min_height=&#8221;100px&#8221; min_height_tablet=&#8221;100px&#8221; min_height_phone=&#8221;100px&#8221; min_height_last_edited=&#8221;on|tablet&#8221; height=&#8221;100px&#8221; height_tablet=&#8221;100px&#8221; height_phone=&#8221;140px&#8221; height_last_edited=&#8221;on|phone&#8221; hover_enabled=&#8221;0&#8243; transform_styles_tablet=&#8221;&#8221; transform_styles_phone=&#8221;&#8221; global_colors_info=&#8221;{}&#8221; width=&#8221;40%&#8221; sticky_enabled=&#8221;0&#8243; max_height=&#8221;1000px&#8221; custom_margin=&#8221;||9px||false|false&#8221; custom_margin_last_edited=&#8221;on|phone&#8221; custom_margin_phone=&#8221;||0px||false|false&#8221; custom_padding=&#8221;||0px||false|false&#8221; custom_margin_tablet=&#8221;||9px||false|false&#8221;][et_pb_column type=&#8221;1_3&#8243; _builder_version=&#8221;4.17.4&#8243; _module_preset=&#8221;default&#8221; global_colors_info=&#8221;{}&#8221;][et_pb_image src=&#8221;https:\/\/unidigitalsimustat.umh.es\/files\/2023\/05\/logo-ministerio.png&#8221; title_text=&#8221;logo-ministerio&#8221; align=&#8221;right&#8221; _builder_version=&#8221;4.17.4&#8243; _module_preset=&#8221;default&#8221; transform_scale_tablet=&#8221;&#8221; transform_scale_phone=&#8221;&#8221; transform_scale_last_edited=&#8221;on|phone&#8221; transform_translate=&#8221;0px|-12px&#8221; transform_translate_tablet=&#8221;-197px|-5px&#8221; transform_translate_phone=&#8221;19px|-6px&#8221; transform_translate_last_edited=&#8221;on|phone&#8221; transform_translate_linked=&#8221;off&#8221; transform_rotate_tablet=&#8221;&#8221; transform_rotate_phone=&#8221;&#8221; transform_rotate_last_edited=&#8221;on|phone&#8221; transform_skew_tablet=&#8221;&#8221; transform_skew_phone=&#8221;&#8221; transform_skew_last_edited=&#8221;on|phone&#8221; transform_origin_tablet=&#8221;&#8221; transform_origin_phone=&#8221;&#8221; transform_origin_last_edited=&#8221;on|phone&#8221; transform_styles_last_edited=&#8221;on|phone&#8221; width=&#8221;80%&#8221; max_width_tablet=&#8221;30%&#8221; max_width_phone=&#8221;40%&#8221; max_width_last_edited=&#8221;on|phone&#8221; transform_styles_tablet=&#8221;&#8221; transform_styles_phone=&#8221;&#8221; module_alignment_tablet=&#8221;center&#8221; module_alignment_phone=&#8221;left&#8221; module_alignment_last_edited=&#8221;on|phone&#8221; global_colors_info=&#8221;{}&#8221;][\/et_pb_image][\/et_pb_column][et_pb_column type=&#8221;1_3&#8243; _builder_version=&#8221;4.17.4&#8243; _module_preset=&#8221;default&#8221; global_colors_info=&#8221;{}&#8221;][et_pb_image src=&#8221;https:\/\/unidigitalsimustat.umh.es\/files\/2023\/05\/logo-plan-recuperacion.png&#8221; title_text=&#8221;logo-plan-recuperacion&#8221; _builder_version=&#8221;4.17.4&#8243; _module_preset=&#8221;default&#8221; transform_scale_tablet=&#8221;&#8221; transform_scale_phone=&#8221;&#8221; transform_scale_last_edited=&#8221;on|phone&#8221; transform_translate=&#8221;0px|-5px&#8221; transform_translate_tablet=&#8221;-1px|-76px&#8221; transform_translate_phone=&#8221;78px|-75px&#8221; transform_translate_last_edited=&#8221;on|phone&#8221; transform_translate_linked=&#8221;off&#8221; transform_rotate_tablet=&#8221;&#8221; transform_rotate_phone=&#8221;&#8221; transform_rotate_last_edited=&#8221;on|phone&#8221; transform_skew_tablet=&#8221;&#8221; transform_skew_phone=&#8221;&#8221; transform_skew_last_edited=&#8221;on|phone&#8221; transform_origin_tablet=&#8221;&#8221; transform_origin_phone=&#8221;&#8221; transform_origin_last_edited=&#8221;on|phone&#8221; transform_styles_last_edited=&#8221;on|phone&#8221; width=&#8221;90%&#8221; max_width_tablet=&#8221;30%&#8221; max_width_phone=&#8221;45%&#8221; max_width_last_edited=&#8221;on|phone&#8221; module_alignment=&#8221;center&#8221; transform_styles_tablet=&#8221;&#8221; transform_styles_phone=&#8221;&#8221; global_colors_info=&#8221;{}&#8221;][\/et_pb_image][\/et_pb_column][et_pb_column type=&#8221;1_3&#8243; _builder_version=&#8221;4.17.4&#8243; _module_preset=&#8221;default&#8221; global_colors_info=&#8221;{}&#8221;][et_pb_image src=&#8221;https:\/\/unidigitalsimustat.umh.es\/files\/2023\/05\/logo-UE.png&#8221; title_text=&#8221;logo-UE&#8221; _builder_version=&#8221;4.17.4&#8243; _module_preset=&#8221;default&#8221; transform_scale_tablet=&#8221;&#8221; transform_scale_phone=&#8221;&#8221; transform_scale_last_edited=&#8221;on|phone&#8221; transform_translate=&#8221;-15px|-5px&#8221; transform_translate_tablet=&#8221;196px|-143px&#8221; transform_translate_phone=&#8221;0px|-85px&#8221; transform_translate_last_edited=&#8221;on|phone&#8221; transform_translate_linked=&#8221;off&#8221; transform_rotate_tablet=&#8221;&#8221; transform_rotate_phone=&#8221;&#8221; transform_rotate_last_edited=&#8221;on|phone&#8221; transform_skew_tablet=&#8221;&#8221; transform_skew_phone=&#8221;&#8221; transform_skew_last_edited=&#8221;on|phone&#8221; transform_origin_tablet=&#8221;&#8221; transform_origin_phone=&#8221;&#8221; transform_origin_last_edited=&#8221;on|phone&#8221; transform_styles_last_edited=&#8221;on|phone&#8221; width=&#8221;80%&#8221; width_tablet=&#8221;80%&#8221; width_phone=&#8221;45%&#8221; width_last_edited=&#8221;on|phone&#8221; max_width_tablet=&#8221;30%&#8221; max_width_phone=&#8221;30%&#8221; max_width_last_edited=&#8221;on|tablet&#8221; module_alignment=&#8221;center&#8221; transform_styles_tablet=&#8221;&#8221; transform_styles_phone=&#8221;&#8221; global_colors_info=&#8221;{}&#8221;][\/et_pb_image][\/et_pb_column][\/et_pb_row][\/et_pb_section][et_pb_section fb_built=&#8221;1&#8243; _builder_version=&#8221;4.17.4&#8243; _module_preset=&#8221;default&#8221; custom_padding=&#8221;0px|||||&#8221; global_colors_info=&#8221;{}&#8221;][et_pb_row _builder_version=&#8221;4.17.4&#8243; _module_preset=&#8221;default&#8221; hover_enabled=&#8221;0&#8243; global_colors_info=&#8221;{}&#8221; custom_margin_last_edited=&#8221;on|phone&#8221; transform_styles_last_edited=&#8221;on|phone&#8221; transform_scale_last_edited=&#8221;on|desktop&#8221; transform_translate_last_edited=&#8221;on|phone&#8221; transform_rotate_last_edited=&#8221;on|phone&#8221; transform_skew_last_edited=&#8221;on|phone&#8221; transform_origin_last_edited=&#8221;on|phone&#8221; sticky_enabled=&#8221;0&#8243; transform_translate_linked_phone=&#8221;off&#8221; transform_translate_phone=&#8221;0px|-118px&#8221;][et_pb_column type=&#8221;4_4&#8243; _builder_version=&#8221;4.17.4&#8243; _module_preset=&#8221;default&#8221; global_colors_info=&#8221;{}&#8221;][et_pb_text admin_label=&#8221;Texto&#8221; _builder_version=&#8221;4.17.4&#8243; _module_preset=&#8221;default&#8221; text_font=&#8221;||||||||&#8221; header_font=&#8221;Signika||||||||&#8221; hover_enabled=&#8221;0&#8243; inline_fonts=&#8221;Heebo&#8221; global_colors_info=&#8221;{}&#8221; sticky_enabled=&#8221;0&#8243; transform_styles_last_edited=&#8221;on|tablet&#8221; transform_scale_last_edited=&#8221;on|tablet&#8221; transform_translate_last_edited=&#8221;on|tablet&#8221; transform_rotate_last_edited=&#8221;on|tablet&#8221; transform_skew_last_edited=&#8221;on|tablet&#8221; transform_origin_last_edited=&#8221;on|tablet&#8221; transform_translate_linked_tablet=&#8221;off&#8221; transform_translate_tablet=&#8221;0px|-76px&#8221; transform_translate_phone=&#8221;0px|4px&#8221;]<\/p>\n<h1>Introducci\u00f3n<\/h1>\n<p><span style=\"font-family: inherit; font-weight: normal; color: #333333;\">Bienvenido al curso de\u00a0<strong>SIMUSTAT<\/strong>. En este curso, aprender\u00e1s a programar en Python utilizando cuadernos Jupyter en Google Colab y a realizar an\u00e1lisis exploratorios de datos con las bibliotecas Pandas, Matplotlib y Seaborn. Empezaremos por revisar los conceptos b\u00e1sicos de programaci\u00f3n en Python y la sintaxis de este lenguaje. Despu\u00e9s, aprender\u00e1s a utilizar Jupyter para crear y ejecutar cuadernos interactivos que te permitir\u00e1n programar de manera intuitiva y visual. Luego, abordaremos el an\u00e1lisis exploratorio de datos, donde aprender\u00e1s a utilizar Pandas para importar, manipular y analizar datos. Tambi\u00e9n aprender\u00e1s a visualizar los datos utilizando Matplotlib y Seaborn, que son dos bibliotecas de visualizaci\u00f3n de datos muy populares en Python. Despu\u00e9s, pasaremos a los conceptos de probabilidad y distribuciones de probabilidad. Aprender\u00e1s sobre las distribuciones de probabilidad m\u00e1s comunes, como la distribuci\u00f3n normal y la distribuci\u00f3n uniforme, y c\u00f3mo se pueden utilizar para modelar diferentes situaciones en el mundo real. Por \u00faltimo, abordaremos las t\u00e9cnicas inferenciales b\u00e1sicas, que te permitir\u00e1n realizar inferencias sobre una poblaci\u00f3n a partir de una muestra. Aprender\u00e1s sobre las t\u00e9cnicas de muestreo y la estimaci\u00f3n de la media y la desviaci\u00f3n est\u00e1ndar de una poblaci\u00f3n.<\/span><\/p>\n<p><span style=\"font-family: inherit; font-weight: normal; color: #333333;\">Esperamos que disfrutes de este apasionante viaje.<\/span><\/p>\n<p>[\/et_pb_text][\/et_pb_column][\/et_pb_row][et_pb_row column_structure=&#8221;2_3,1_3&#8243; _builder_version=&#8221;4.17.4&#8243; _module_preset=&#8221;default&#8221; hover_enabled=&#8221;0&#8243; global_colors_info=&#8221;{}&#8221; transform_styles_last_edited=&#8221;on|tablet&#8221; transform_scale_last_edited=&#8221;on|phone&#8221; transform_translate_last_edited=&#8221;on|tablet&#8221; transform_rotate_last_edited=&#8221;on|phone&#8221; transform_skew_last_edited=&#8221;on|phone&#8221; transform_origin_last_edited=&#8221;on|phone&#8221; transform_translate_linked_phone=&#8221;off&#8221; transform_translate_phone=&#8221;0px|-122px&#8221; sticky_enabled=&#8221;0&#8243; transform_translate_linked_tablet=&#8221;off&#8221; transform_translate_tablet=&#8221;0px|-59px&#8221;][et_pb_column type=&#8221;2_3&#8243; _builder_version=&#8221;4.17.4&#8243; _module_preset=&#8221;default&#8221; global_colors_info=&#8221;{}&#8221;][et_pb_text _builder_version=&#8221;4.17.4&#8243; _module_preset=&#8221;default&#8221; text_font=&#8221;|500|||||||&#8221; header_font=&#8221;Signika||||||||&#8221; header_2_font=&#8221;Signika||||||||&#8221; custom_padding=&#8221;||25px|||&#8221; hover_enabled=&#8221;0&#8243; global_colors_info=&#8221;{}&#8221; sticky_enabled=&#8221;0&#8243;]<\/p>\n<h2>Dirigido a<\/h2>\n<p><span style=\"color: #333333;\">Este material se destina a estudiantes de grado y postgrado interesados en conocer el lenguaje de programaci\u00f3n\u00a0<strong>Python<\/strong>\u00a0y en la estad\u00edstica. No es necesario ning\u00fan conocimiento previo, ya que en este cuaderno se empezar\u00e1 desde 0.<\/span><\/p>\n<p>[\/et_pb_text][\/et_pb_column][et_pb_column type=&#8221;1_3&#8243; _builder_version=&#8221;4.17.4&#8243; _module_preset=&#8221;default&#8221; global_colors_info=&#8221;{}&#8221;][et_pb_image src=&#8221;https:\/\/unidigitalsimustat.umh.es\/files\/2023\/05\/logo-python.png&#8221; title_text=&#8221;logo python&#8221; align=&#8221;center&#8221; _builder_version=&#8221;4.17.4&#8243; _module_preset=&#8221;default&#8221; width=&#8221;37%&#8221; hover_enabled=&#8221;0&#8243; global_colors_info=&#8221;{}&#8221; width_last_edited=&#8221;on|tablet&#8221; width_phone=&#8221;23%&#8221; sticky_enabled=&#8221;0&#8243; width_tablet=&#8221;24%&#8221;][\/et_pb_image][\/et_pb_column][\/et_pb_row][\/et_pb_section]<\/p>\n","protected":false},"excerpt":{"rendered":"<p>El proyecto SIMUSTAT &nbsp;Introducci\u00f3n Bienvenido al curso de\u00a0SIMUSTAT. En este curso, aprender\u00e1s a programar en Python utilizando cuadernos Jupyter en Google Colab y a realizar an\u00e1lisis exploratorios de datos con las bibliotecas Pandas, Matplotlib y Seaborn. Empezaremos por revisar los conceptos b\u00e1sicos de programaci\u00f3n en Python y la sintaxis de este lenguaje. Despu\u00e9s, aprender\u00e1s a [&hellip;]<\/p>\n","protected":false},"author":24704,"featured_media":0,"parent":0,"menu_order":0,"comment_status":"closed","ping_status":"closed","template":"","meta":{"_et_pb_use_builder":"on","_et_pb_old_content":"","_et_gb_content_width":"","ngg_post_thumbnail":0,"_links_to":"","_links_to_target":""},"_links":{"self":[{"href":"https:\/\/unidigitalsimustat.umh.es\/en\/wp-json\/wp\/v2\/pages\/67"}],"collection":[{"href":"https:\/\/unidigitalsimustat.umh.es\/en\/wp-json\/wp\/v2\/pages"}],"about":[{"href":"https:\/\/unidigitalsimustat.umh.es\/en\/wp-json\/wp\/v2\/types\/page"}],"author":[{"embeddable":true,"href":"https:\/\/unidigitalsimustat.umh.es\/en\/wp-json\/wp\/v2\/users\/24704"}],"replies":[{"embeddable":true,"href":"https:\/\/unidigitalsimustat.umh.es\/en\/wp-json\/wp\/v2\/comments?post=67"}],"version-history":[{"count":0,"href":"https:\/\/unidigitalsimustat.umh.es\/en\/wp-json\/wp\/v2\/pages\/67\/revisions"}],"wp:attachment":[{"href":"https:\/\/unidigitalsimustat.umh.es\/en\/wp-json\/wp\/v2\/media?parent=67"}],"curies":[{"name":"wp","href":"https:\/\/api.w.org\/{rel}","templated":true}]}}